{"id":311,"date":"2024-10-16T19:10:10","date_gmt":"2024-10-16T19:10:10","guid":{"rendered":"https:\/\/www.estystool.com\/?page_id=311"},"modified":"2024-10-16T19:17:17","modified_gmt":"2024-10-16T19:17:17","slug":"herbal-vaginal-steaming","status":"publish","type":"page","link":"https:\/\/www.estystool.com\/cs\/herbal-vaginal-steaming\/","title":{"rendered":"Bylinn\u00e1 vagin\u00e1ln\u00ed nap\u00e1\u0159ka"},"content":{"rendered":"<div data-elementor-type=\"wp-page\" data-elementor-id=\"311\" class=\"elementor elementor-311\" data-elementor-post-type=\"page\">\n\t\t\t\t\t\t<section class=\"elementor-section elementor-top-section elementor-element elementor-element-27f5e91 elementor-section-boxed elementor-section-height-default elementor-section-height-default\" data-id=\"27f5e91\" data-element_type=\"section\" data-settings=\"{&quot;background_background&quot;:&quot;classic&quot;}\">\n\t\t\t\t\t\t\t<div class=\"elementor-background-overlay\"><\/div>\n\t\t\t\t\t\t\t<div class=\"elementor-container elementor-column-gap-default\">\n\t\t\t\t\t<div class=\"elementor-column elementor-col-100 elementor-top-column elementor-element elementor-element-4b56b174\" data-id=\"4b56b174\" data-element_type=\"column\" data-settings=\"{&quot;background_background&quot;:&quot;classic&quot;}\">\n\t\t\t<div class=\"elementor-widget-wrap elementor-element-populated\">\n\t\t\t\t\t<div class=\"elementor-background-overlay\"><\/div>\n\t\t\t\t\t\t<div class=\"elementor-element elementor-element-7e3ac74 elementor-widget elementor-widget-heading\" data-id=\"7e3ac74\" data-element_type=\"widget\" data-widget_type=\"heading.default\">\n\t\t\t\t<div class=\"elementor-widget-container\">\n\t\t\t<h2 class=\"elementor-heading-title elementor-size-default\">Bylinn\u00e1 vagin\u00e1ln\u00ed nap\u00e1\u0159ka<\/h2>\t\t<\/div>\n\t\t\t\t<\/div>\n\t\t\t\t<div class=\"elementor-element elementor-element-d96412b elementor-widget elementor-widget-heading\" data-id=\"d96412b\" data-element_type=\"widget\" data-widget_type=\"heading.default\">\n\t\t\t\t<div class=\"elementor-widget-container\">\n\t\t\t<h4 class=\"elementor-heading-title elementor-size-default\">Bylinn\u00e1 vagin\u00e1ln\u00ed n\u00e1pa\u0159ka: Tradi\u010dn\u00ed l\u00e9\u010debn\u00e1 metoda v modern\u00edm pojet\u00ed<\/h4>\t\t<\/div>\n\t\t\t\t<\/div>\n\t\t\t\t<div class=\"elementor-element elementor-element-f89acf2 elementor-widget elementor-widget-text-editor\" data-id=\"f89acf2\" data-element_type=\"widget\" data-widget_type=\"text-editor.default\">\n\t\t\t\t<div class=\"elementor-widget-container\">\n\t\t\t\t\t\t\t<div class=\"flex max-w-full flex-col flex-grow\"><div class=\"min-h-8 text-message flex w-full flex-col items-end gap-2 whitespace-normal break-words [.text-message+&amp;]:mt-5\" dir=\"auto\" data-message-author-role=\"assistant\" data-message-id=\"971249bd-17cf-4d9c-99e2-a01d7761afcc\" data-message-model-slug=\"gpt-4o\"><div class=\"flex w-full flex-col gap-1 empty:hidden first:pt-[3px]\"><div class=\"markdown prose w-full break-words dark:prose-invert dark\"><p>Bylinn\u00e1 vagin\u00e1ln\u00ed nap\u00e1\u0159ka, zn\u00e1m\u00e1 tak\u00e9 jako yoni steam nebo vagin\u00e1ln\u00ed parn\u00ed l\u00e1ze\u0148, je starobyl\u00e1 praxe pou\u017e\u00edvan\u00e1 k podpo\u0159e \u017eensk\u00e9ho zdrav\u00ed a reproduk\u010dn\u00edho syst\u00e9mu. Tento postup m\u00e1 sv\u00e9 ko\u0159eny v tradi\u010dn\u00edch l\u00e9\u010debn\u00fdch syst\u00e9mech po cel\u00e9m sv\u011bt\u011b, v\u010detn\u011b Asie, Afriky a Latinsk\u00e9 Ameriky, a v posledn\u00edch letech za\u017e\u00edv\u00e1 obrodu jako alternativa nebo dopln\u011bk k modern\u00ed gynekologick\u00e9 p\u00e9\u010di.<\/p><\/div><\/div><\/div><\/div>\t\t\t\t\t\t<\/div>\n\t\t\t\t<\/div>\n\t\t\t\t<div class=\"elementor-element elementor-element-2ee3ca3 elementor-widget elementor-widget-heading\" data-id=\"2ee3ca3\" data-element_type=\"widget\" data-widget_type=\"heading.default\">\n\t\t\t\t<div class=\"elementor-widget-container\">\n\t\t\t<h4 class=\"elementor-heading-title elementor-size-default\">Co je bylinn\u00e1 vagin\u00e1ln\u00ed nap\u00e1\u0159ka?<\/h4>\t\t<\/div>\n\t\t\t\t<\/div>\n\t\t\t\t<div class=\"elementor-element elementor-element-1f4c178 elementor-widget elementor-widget-text-editor\" data-id=\"1f4c178\" data-element_type=\"widget\" data-widget_type=\"text-editor.default\">\n\t\t\t\t<div class=\"elementor-widget-container\">\n\t\t\t\t\t\t\t<p>Bylinn\u00e1 vagin\u00e1ln\u00ed nap\u00e1\u0159ka spo\u010d\u00edv\u00e1 v sezen\u00ed nad n\u00e1dobou s horkou vodou a bylinkami, kter\u00e9 se nech\u00e1vaj\u00ed uvol\u0148ovat p\u00e1ru sm\u011brem k vagin\u00e1ln\u00ed oblasti. C\u00edlem t\u00e9to terapie je prost\u0159ednictv\u00edm bylinn\u00e9 p\u00e1ry podpo\u0159it prokrven\u00ed oblasti p\u00e1nve, uvolnit svalov\u00e9 nap\u011bt\u00ed a harmonizovat hormon\u00e1ln\u00ed rovnov\u00e1hu.\n\nByliny pou\u017eit\u00e9 p\u0159i napa\u0159ov\u00e1n\u00ed se li\u0161\u00ed podle individu\u00e1ln\u00edch pot\u0159eb, ale \u010dasto jsou sou\u010d\u00e1st\u00ed sm\u011bsi rostliny jako \u0159eb\u0159\u00ed\u010dek, he\u0159m\u00e1nek, m\u011bs\u00ed\u010dek, levandule, r\u016f\u017ee nebo \u0161alv\u011bj. Ka\u017ed\u00e1 bylina m\u00e1 sv\u00e9 specifick\u00e9 \u00fa\u010dinky \u2013 nap\u0159\u00edklad he\u0159m\u00e1nek je zn\u00e1m\u00fd sv\u00fdmi zklid\u0148uj\u00edc\u00edmi a protiz\u00e1n\u011btliv\u00fdmi vlastnostmi, zat\u00edmco \u0159eb\u0159\u00ed\u010dek m\u016f\u017ee pomoci p\u0159i menstrua\u010dn\u00edch bolestech.<\/p><p>The herbs used in steaming are tailored to individual needs, with common plants including yarrow, chamomile, calendula, lavender, rose, and sage. Each herb offers specific benefits\u2014chamomile, for example, is known for its calming and anti-inflammatory properties, while yarrow is helpful for relieving menstrual cramps. These carefully chosen herbs enhance the therapeutic effects of the steam, creating a personalized approach to women&#8217;s health.<\/p>\t\t\t\t\t\t<\/div>\n\t\t\t\t<\/div>\n\t\t\t\t<div class=\"elementor-element elementor-element-6dfc2df elementor-widget elementor-widget-heading\" data-id=\"6dfc2df\" data-element_type=\"widget\" data-widget_type=\"heading.default\">\n\t\t\t\t<div class=\"elementor-widget-container\">\n\t\t\t<h4 class=\"elementor-heading-title elementor-size-default\">V\u00fdhody bylinn\u00e9 vagin\u00e1ln\u00ed nap\u00e1\u0159ky<\/h4>\t\t<\/div>\n\t\t\t\t<\/div>\n\t\t\t\t<div class=\"elementor-element elementor-element-69753b5 elementor-widget elementor-widget-text-editor\" data-id=\"69753b5\" data-element_type=\"widget\" data-widget_type=\"text-editor.default\">\n\t\t\t\t<div class=\"elementor-widget-container\">\n\t\t\t\t\t\t\t<ol><li><p class=\" translation-block\"><strong>Podpora menstrua\u010dn\u00edho zdrav\u00ed:<\/strong> Nap\u00e1\u0159ka m\u016f\u017ee pomoci regulovat menstrua\u010dn\u00ed cyklus, zm\u00edr\u0148ovat bolestivou menstruaci (dysmenoreu) a sni\u017eovat nap\u011bt\u00ed spojen\u00e9 s premenstrua\u010dn\u00edm syndromem (PMS). N\u011bkter\u00e9 \u017eeny uv\u00e1d\u011bj\u00ed, \u017ee po pravideln\u00e9 nap\u00e1\u0159ce za\u017e\u00edvaj\u00ed m\u00e9n\u011b bolestivou nebo nepravidelnou menstruaci.<\/p><\/li><li><p class=\" translation-block\"><strong>P\u0159\u00edprava na porod:<\/strong> N\u011bkter\u00e9 \u017eeny vol\u00ed pravidelnou nap\u00e1\u0159ku v posledn\u00edch t\u00fddnech t\u011bhotenstv\u00ed jako sou\u010d\u00e1st p\u0159\u00edpravy na porod, v\u017edy je v\u0161ak vhodn\u00e9 konzultovat tuto praxi s porodn\u00ed asistentkou nebo l\u00e9ka\u0159em.<\/p><\/li><li><p class=\" translation-block\"><strong>P\u00e9\u010de po porodu:<\/strong> Tradi\u010dn\u011b byla vagin\u00e1ln\u00ed nap\u00e1\u0159ka vyu\u017e\u00edv\u00e1na po porodu k podpo\u0159e regenerace, hojen\u00ed porodn\u00edch ran a tonizaci p\u00e1nevn\u00edho dna. Parn\u00ed l\u00e1ze\u0148 m\u016f\u017ee ulevit od nepohodl\u00ed spojen\u00e9ho s poporodn\u00edmi stehy a urychlit proces hojen\u00ed.<\/p><\/li><li><p class=\" translation-block\"><strong>Prevence infekc\u00ed a z\u00e1n\u011bt\u016f:<\/strong> N\u011bkter\u00e9 bylinky maj\u00ed antibakteri\u00e1ln\u00ed a antifung\u00e1ln\u00ed vlastnosti, co\u017e m\u016f\u017ee p\u0159isp\u011bt k prevenci vagin\u00e1ln\u00edch infekc\u00ed a udr\u017een\u00ed zdrav\u00e9ho mikrobiomu.<\/p><\/li><li><p class=\" translation-block\"><strong>Hormon\u00e1ln\u00ed rovnov\u00e1ha:<\/strong> Bylinn\u00e9 nap\u00e1\u0159ky jsou \u010dasto spojov\u00e1ny s harmonizac\u00ed hormon\u00e1ln\u00edho syst\u00e9mu, co\u017e m\u016f\u017ee b\u00fdt prosp\u011b\u0161n\u00e9 p\u0159i nepravideln\u00e9 menstruaci, hormon\u00e1ln\u00edch v\u00fdkyvech \u010di menopauz\u00e1ln\u00edch symptomech.<\/p><\/li><li><p class=\" translation-block\"><strong>Relaxace a uvoln\u011bn\u00ed:<\/strong> nap\u00e1\u0159ka m\u00e1 tak\u00e9 psychologick\u00fd p\u0159\u00ednos. Teplo a v\u016fn\u011b bylin p\u0159isp\u00edvaj\u00ed k relaxaci, zklidn\u011bn\u00ed mysli a odbour\u00e1n\u00ed stresu. Vytv\u00e1\u0159\u00ed intimn\u00ed prostor, ve kter\u00e9m se \u017eeny mohou naladit na sv\u00e9 t\u011blo a uvolnit nap\u011bt\u00ed.<\/p><\/li><\/ol>\t\t\t\t\t\t<\/div>\n\t\t\t\t<\/div>\n\t\t\t\t<div class=\"elementor-element elementor-element-d9fee9d elementor-widget elementor-widget-heading\" data-id=\"d9fee9d\" data-element_type=\"widget\" data-widget_type=\"heading.default\">\n\t\t\t\t<div class=\"elementor-widget-container\">\n\t\t\t<h4 class=\"elementor-heading-title elementor-size-default\">Jak spr\u00e1vn\u011b prov\u00e1d\u011bt bylinnou vagin\u00e1ln\u00ed n\u00e1pa\u0159ku?<\/h4>\t\t<\/div>\n\t\t\t\t<\/div>\n\t\t\t\t<div class=\"elementor-element elementor-element-f0c5708 elementor-widget elementor-widget-text-editor\" data-id=\"f0c5708\" data-element_type=\"widget\" data-widget_type=\"text-editor.default\">\n\t\t\t\t<div class=\"elementor-widget-container\">\n\t\t\t\t\t\t\t<p>Postup je pom\u011brn\u011b jednoduch\u00fd, ale je d\u016fle\u017eit\u00e9 dodr\u017eet n\u011bkolik z\u00e1kladn\u00edch pravidel:<\/p><ol><li><p class=\" translation-block\"><strong>P\u0159\u00edprava bylin:<\/strong> Vybran\u00e9 byliny se p\u0159idaj\u00ed do n\u00e1doby s va\u0159\u00edc\u00ed vodou a nechaj\u00ed se 5\u201310 minut louhovat. Pot\u00e9 se n\u00e1doba um\u00edst\u00ed na bezpe\u010dn\u00e9 m\u00edsto, kde se p\u00e1ra m\u016f\u017ee voln\u011b \u0161\u00ed\u0159it.<\/p><\/li><li><p class=\" translation-block\"><strong>Pozice a bezpe\u010dnost:<\/strong> \u017dena si sedne nad n\u00e1dobu, ide\u00e1ln\u011b v pod\u0159epu nebo na speci\u00e1ln\u00ed napa\u0159ovac\u00ed stoli\u010dku, aby p\u00e1ra mohla proniknout k vagin\u00e1ln\u00ed oblasti. Je d\u016fle\u017eit\u00e9, aby teplota p\u00e1ry nebyla p\u0159\u00edli\u0161 hork\u00e1, aby nedo\u0161lo k pop\u00e1len\u00ed. Napa\u0159ov\u00e1n\u00ed by m\u011blo trvat 20\u201330 minut.<\/p><\/li><li><p class=\" translation-block\"><strong>Pravidelnost:<\/strong> Pro dosa\u017een\u00ed pozitivn\u00edch \u00fa\u010dink\u016f se doporu\u010duje prov\u00e1d\u011bt nap\u00e1\u0159ku jednou a\u017e dvakr\u00e1t m\u011bs\u00ed\u010dn\u011b, ide\u00e1ln\u011b v obdob\u00ed po menstruaci nebo p\u0159ed ovulac\u00ed.<\/p><\/li><\/ol>\t\t\t\t\t\t<\/div>\n\t\t\t\t<\/div>\n\t\t\t\t<div class=\"elementor-element elementor-element-c77422d elementor-widget elementor-widget-heading\" data-id=\"c77422d\" data-element_type=\"widget\" data-widget_type=\"heading.default\">\n\t\t\t\t<div class=\"elementor-widget-container\">\n\t\t\t<h4 class=\"elementor-heading-title elementor-size-default\">Je vagin\u00e1ln\u00ed nap\u00e1\u0159ka pro ka\u017ed\u00e9ho?<\/h4>\t\t<\/div>\n\t\t\t\t<\/div>\n\t\t\t\t<div class=\"elementor-element elementor-element-43b01d3 elementor-widget elementor-widget-text-editor\" data-id=\"43b01d3\" data-element_type=\"widget\" data-widget_type=\"text-editor.default\">\n\t\t\t\t<div class=\"elementor-widget-container\">\n\t\t\t\t\t\t\t<div class=\"flex-shrink-0 flex flex-col relative items-end\"><div><div class=\"pt-0\"><div class=\"gizmo-bot-avatar flex h-8 w-8 items-center justify-center overflow-hidden rounded-full\"><div class=\"relative p-1 rounded-sm flex items-center justify-center bg-token-main-surface-primary text-token-text-primary h-8 w-8\"><span style=\"font-size: 16px;\">A\u010dkoli se tato terapie m\u016f\u017ee zd\u00e1t atraktivn\u00ed, ne ka\u017ed\u00e1 \u017eena by ji m\u011bla vyzkou\u0161et. Nap\u00e1\u0159ka nen\u00ed vhodn\u00e1 pro t\u011bhotn\u00e9 \u017eeny p\u0159ed ukon\u010den\u00fdm 38. t\u00fddnem t\u011bhotenstv\u00ed, \u017eeny s akutn\u00edmi infekcemi nebo z\u00e1n\u011bty, ani pro ty, kter\u00e9 maj\u00ed otev\u0159en\u00e9 r\u00e1ny nebo poran\u011bn\u00ed v oblasti genit\u00e1li\u00ed. Rovn\u011b\u017e nen\u00ed doporu\u010dov\u00e1na b\u011bhem menstruace. Pokud m\u00e1te jak\u00e9koliv zdravotn\u00ed probl\u00e9my nebo pochybnosti, v\u017edy je dobr\u00e9 se poradit se sv\u00fdm l\u00e9ka\u0159em.<\/span><\/div><\/div><\/div><\/div><\/div>\t\t\t\t\t\t<\/div>\n\t\t\t\t<\/div>\n\t\t\t\t<div class=\"elementor-element elementor-element-9e64b37 elementor-widget elementor-widget-heading\" data-id=\"9e64b37\" data-element_type=\"widget\" data-widget_type=\"heading.default\">\n\t\t\t\t<div class=\"elementor-widget-container\">\n\t\t\t<h4 class=\"elementor-heading-title elementor-size-default\">Z\u00e1v\u011br<\/h4>\t\t<\/div>\n\t\t\t\t<\/div>\n\t\t\t\t<div class=\"elementor-element elementor-element-67b5f1e elementor-widget elementor-widget-text-editor\" data-id=\"67b5f1e\" data-element_type=\"widget\" data-widget_type=\"text-editor.default\">\n\t\t\t\t<div class=\"elementor-widget-container\">\n\t\t\t\t\t\t\t<p>Bylinn\u00e1 vagin\u00e1ln\u00ed nap\u00e1\u0159ka je jednou z t\u011bch alternativn\u00edch l\u00e9\u010debn\u00fdch metod, kter\u00e1 p\u0159itahuje z\u00e1jem modern\u00edch \u017een hledaj\u00edc\u00edch holistick\u00fd p\u0159\u00edstup k p\u00e9\u010di o sv\u00e9 t\u011blo. Spojuje v sob\u011b starod\u00e1vnou moudrost s jemnou p\u0159\u00edrodn\u00ed p\u00e9\u010d\u00ed, kter\u00e1 podporuje nejen fyzick\u00e9 zdrav\u00ed, ale tak\u00e9 du\u0161evn\u00ed pohodu. Pokud se prov\u00e1d\u00ed spr\u00e1vn\u011b a s ohledem na individu\u00e1ln\u00ed pot\u0159eby, m\u016f\u017ee b\u00fdt \u00fa\u010dinn\u00fdm n\u00e1strojem pro zlep\u0161en\u00ed \u017eensk\u00e9ho zdrav\u00ed a celkov\u00e9 rovnov\u00e1hy.<\/p>\t\t\t\t\t\t<\/div>\n\t\t\t\t<\/div>\n\t\t\t\t\t<\/div>\n\t\t<\/div>\n\t\t\t\t\t<\/div>\n\t\t<\/section>\n\t\t\t\t<\/div>","protected":false},"excerpt":{"rendered":"<p>Herbal Vaginal Steaming Herbal Vaginal Steaming: A Traditional Healing Method in a Modern Approach Herbal vaginal steaming, also known as [&hellip;]<\/p>","protected":false},"author":1,"featured_media":0,"parent":0,"menu_order":0,"comment_status":"closed","ping_status":"closed","template":"","meta":{"_monsterinsights_skip_tracking":false,"_monsterinsights_sitenote_active":false,"_monsterinsights_sitenote_note":"","_monsterinsights_sitenote_category":0,"site-sidebar-layout":"no-sidebar","site-content-layout":"","ast-site-content-layout":"full-width-container","site-content-style":"default","site-sidebar-style":"default","ast-global-header-display":"","ast-banner-title-visibility":"","ast-main-header-display":"","ast-hfb-above-header-display":"","ast-hfb-below-header-display":"","ast-hfb-mobile-header-display":"","site-post-title":"disabled","ast-breadcrumbs-content":"","ast-featured-img":"disabled","footer-sml-layout":"","theme-transparent-header-meta":"","adv-header-id-meta":"","stick-header-meta":"","header-above-stick-meta":"","header-main-stick-meta":"","header-below-stick-meta":"","astra-migrate-meta-layouts":"default","ast-page-background-enabled":"default","ast-page-background-meta":{"desktop":{"background-color":"var(--ast-global-color-4)","background-image":"","background-repeat":"repeat","background-position":"center center","background-size":"auto","background-attachment":"scroll","background-type":"","background-media":"","overlay-type":"","overlay-color":"","overlay-opacity":"","overlay-gradient":""},"tablet":{"background-color":"","background-image":"","background-repeat":"repeat","background-position":"center center","background-size":"auto","background-attachment":"scroll","background-type":"","background-media":"","overlay-type":"","overlay-color":"","overlay-opacity":"","overlay-gradient":""},"mobile":{"background-color":"","background-image":"","background-repeat":"repeat","background-position":"center center","background-size":"auto","background-attachment":"scroll","background-type":"","background-media":"","overlay-type":"","overlay-color":"","overlay-opacity":"","overlay-gradient":""}},"ast-content-background-meta":{"desktop":{"background-color":"var(--ast-global-color-5)","background-image":"","background-repeat":"repeat","background-position":"center center","background-size":"auto","background-attachment":"scroll","background-type":"","background-media":"","overlay-type":"","overlay-color":"","overlay-opacity":"","overlay-gradient":""},"tablet":{"background-color":"var(--ast-global-color-5)","background-image":"","background-repeat":"repeat","background-position":"center center","background-size":"auto","background-attachment":"scroll","background-type":"","background-media":"","overlay-type":"","overlay-color":"","overlay-opacity":"","overlay-gradient":""},"mobile":{"background-color":"var(--ast-global-color-5)","background-image":"","background-repeat":"repeat","background-position":"center center","background-size":"auto","background-attachment":"scroll","background-type":"","background-media":"","overlay-type":"","overlay-color":"","overlay-opacity":"","overlay-gradient":""}},"footnotes":""},"class_list":["post-311","page","type-page","status-publish","hentry"],"yoast_head":"<!-- This site is optimized with the Yoast SEO plugin v23.5 - https:\/\/yoast.com\/wordpress\/plugins\/seo\/ -->\n<title>Herbal Vaginal Steaming - Esty Stool<\/title>\n<meta name=\"robots\" content=\"index, follow, max-snippet:-1, max-image-preview:large, max-video-preview:-1\" \/>\n<link rel=\"canonical\" href=\"https:\/\/www.estystool.com\/cs\/herbal-vaginal-steaming\/\" \/>\n<meta property=\"og:locale\" content=\"cs_CZ\" \/>\n<meta property=\"og:type\" content=\"article\" \/>\n<meta property=\"og:title\" content=\"Herbal Vaginal Steaming - Esty Stool\" \/>\n<meta property=\"og:description\" content=\"Herbal Vaginal Steaming Herbal Vaginal Steaming: A Traditional Healing Method in a Modern Approach Herbal vaginal steaming, also known as [&hellip;]\" \/>\n<meta property=\"og:url\" content=\"https:\/\/www.estystool.com\/cs\/herbal-vaginal-steaming\/\" \/>\n<meta property=\"og:site_name\" content=\"Esty Stool\" \/>\n<meta property=\"article:modified_time\" content=\"2024-10-16T19:17:17+00:00\" \/>\n<meta name=\"twitter:card\" content=\"summary_large_image\" \/>\n<meta name=\"twitter:label1\" content=\"Odhadovan\u00e1 doba \u010dten\u00ed\" \/>\n\t<meta name=\"twitter:data1\" content=\"3 minuty\" \/>\n<script type=\"application\/ld+json\" class=\"yoast-schema-graph\">{\"@context\":\"https:\/\/schema.org\",\"@graph\":[{\"@type\":\"WebPage\",\"@id\":\"https:\/\/www.estystool.com\/herbal-vaginal-steaming\/\",\"url\":\"https:\/\/www.estystool.com\/herbal-vaginal-steaming\/\",\"name\":\"Herbal Vaginal Steaming - Esty Stool\",\"isPartOf\":{\"@id\":\"https:\/\/www.estystool.com\/#website\"},\"datePublished\":\"2024-10-16T19:10:10+00:00\",\"dateModified\":\"2024-10-16T19:17:17+00:00\",\"breadcrumb\":{\"@id\":\"https:\/\/www.estystool.com\/herbal-vaginal-steaming\/#breadcrumb\"},\"inLanguage\":\"cs\",\"potentialAction\":[{\"@type\":\"ReadAction\",\"target\":[\"https:\/\/www.estystool.com\/herbal-vaginal-steaming\/\"]}]},{\"@type\":\"BreadcrumbList\",\"@id\":\"https:\/\/www.estystool.com\/herbal-vaginal-steaming\/#breadcrumb\",\"itemListElement\":[{\"@type\":\"ListItem\",\"position\":1,\"name\":\"Home\",\"item\":\"https:\/\/www.estystool.com\/\"},{\"@type\":\"ListItem\",\"position\":2,\"name\":\"Herbal Vaginal Steaming\"}]},{\"@type\":\"WebSite\",\"@id\":\"https:\/\/www.estystool.com\/#website\",\"url\":\"https:\/\/www.estystool.com\/\",\"name\":\"Esty Stool\",\"description\":\"\",\"potentialAction\":[{\"@type\":\"SearchAction\",\"target\":{\"@type\":\"EntryPoint\",\"urlTemplate\":\"https:\/\/www.estystool.com\/?s={search_term_string}\"},\"query-input\":{\"@type\":\"PropertyValueSpecification\",\"valueRequired\":true,\"valueName\":\"search_term_string\"}}],\"inLanguage\":\"cs\"}]}<\/script>\n<!-- \/ Yoast SEO plugin. -->","yoast_head_json":{"title":"Herbal Vaginal Steaming - Esty Stool","robots":{"index":"index","follow":"follow","max-snippet":"max-snippet:-1","max-image-preview":"max-image-preview:large","max-video-preview":"max-video-preview:-1"},"canonical":"https:\/\/www.estystool.com\/cs\/herbal-vaginal-steaming\/","og_locale":"cs_CZ","og_type":"article","og_title":"Herbal Vaginal Steaming - Esty Stool","og_description":"Herbal Vaginal Steaming Herbal Vaginal Steaming: A Traditional Healing Method in a Modern Approach Herbal vaginal steaming, also known as [&hellip;]","og_url":"https:\/\/www.estystool.com\/cs\/herbal-vaginal-steaming\/","og_site_name":"Esty Stool","article_modified_time":"2024-10-16T19:17:17+00:00","twitter_card":"summary_large_image","twitter_misc":{"Odhadovan\u00e1 doba \u010dten\u00ed":"3 minuty"},"schema":{"@context":"https:\/\/schema.org","@graph":[{"@type":"WebPage","@id":"https:\/\/www.estystool.com\/herbal-vaginal-steaming\/","url":"https:\/\/www.estystool.com\/herbal-vaginal-steaming\/","name":"Herbal Vaginal Steaming - Esty Stool","isPartOf":{"@id":"https:\/\/www.estystool.com\/#website"},"datePublished":"2024-10-16T19:10:10+00:00","dateModified":"2024-10-16T19:17:17+00:00","breadcrumb":{"@id":"https:\/\/www.estystool.com\/herbal-vaginal-steaming\/#breadcrumb"},"inLanguage":"cs","potentialAction":[{"@type":"ReadAction","target":["https:\/\/www.estystool.com\/herbal-vaginal-steaming\/"]}]},{"@type":"BreadcrumbList","@id":"https:\/\/www.estystool.com\/herbal-vaginal-steaming\/#breadcrumb","itemListElement":[{"@type":"ListItem","position":1,"name":"Home","item":"https:\/\/www.estystool.com\/"},{"@type":"ListItem","position":2,"name":"Herbal Vaginal Steaming"}]},{"@type":"WebSite","@id":"https:\/\/www.estystool.com\/#website","url":"https:\/\/www.estystool.com\/","name":"Esty Stool","description":"","potentialAction":[{"@type":"SearchAction","target":{"@type":"EntryPoint","urlTemplate":"https:\/\/www.estystool.com\/?s={search_term_string}"},"query-input":{"@type":"PropertyValueSpecification","valueRequired":true,"valueName":"search_term_string"}}],"inLanguage":"cs"}]}},"_links":{"self":[{"href":"https:\/\/www.estystool.com\/cs\/wp-json\/wp\/v2\/pages\/311"}],"collection":[{"href":"https:\/\/www.estystool.com\/cs\/wp-json\/wp\/v2\/pages"}],"about":[{"href":"https:\/\/www.estystool.com\/cs\/wp-json\/wp\/v2\/types\/page"}],"author":[{"embeddable":true,"href":"https:\/\/www.estystool.com\/cs\/wp-json\/wp\/v2\/users\/1"}],"replies":[{"embeddable":true,"href":"https:\/\/www.estystool.com\/cs\/wp-json\/wp\/v2\/comments?post=311"}],"version-history":[{"count":4,"href":"https:\/\/www.estystool.com\/cs\/wp-json\/wp\/v2\/pages\/311\/revisions"}],"predecessor-version":[{"id":316,"href":"https:\/\/www.estystool.com\/cs\/wp-json\/wp\/v2\/pages\/311\/revisions\/316"}],"wp:attachment":[{"href":"https:\/\/www.estystool.com\/cs\/wp-json\/wp\/v2\/media?parent=311"}],"curies":[{"name":"wp","href":"https:\/\/api.w.org\/{rel}","templated":true}]}}