{"id":296,"date":"2024-10-15T19:01:23","date_gmt":"2024-10-15T19:01:23","guid":{"rendered":"https:\/\/www.estystool.com\/?page_id=296"},"modified":"2024-10-19T16:08:11","modified_gmt":"2024-10-19T16:08:11","slug":"using-steam-therapy-in-specific-health-conditions","status":"publish","type":"page","link":"https:\/\/www.estystool.com\/cs\/using-steam-therapy-in-specific-health-conditions\/","title":{"rendered":"Pou\u017eit\u00ed nap\u00e1\u0159ky u konkr\u00e9tn\u00edch stav\u016f"},"content":{"rendered":"<div data-elementor-type=\"wp-page\" data-elementor-id=\"296\" class=\"elementor elementor-296\" data-elementor-post-type=\"page\">\n\t\t\t\t\t\t<section class=\"elementor-section elementor-top-section elementor-element elementor-element-27f5e91 elementor-section-boxed elementor-section-height-default elementor-section-height-default\" data-id=\"27f5e91\" data-element_type=\"section\" data-settings=\"{&quot;background_background&quot;:&quot;classic&quot;}\">\n\t\t\t\t\t\t\t<div class=\"elementor-background-overlay\"><\/div>\n\t\t\t\t\t\t\t<div class=\"elementor-container elementor-column-gap-default\">\n\t\t\t\t\t<div class=\"elementor-column elementor-col-100 elementor-top-column elementor-element elementor-element-4b56b174\" data-id=\"4b56b174\" data-element_type=\"column\" data-settings=\"{&quot;background_background&quot;:&quot;classic&quot;}\">\n\t\t\t<div class=\"elementor-widget-wrap elementor-element-populated\">\n\t\t\t\t\t<div class=\"elementor-background-overlay\"><\/div>\n\t\t\t\t\t\t<div class=\"elementor-element elementor-element-7e3ac74 elementor-widget elementor-widget-heading\" data-id=\"7e3ac74\" data-element_type=\"widget\" data-widget_type=\"heading.default\">\n\t\t\t\t<div class=\"elementor-widget-container\">\n\t\t\t<h2 class=\"elementor-heading-title elementor-size-default\">Pou\u017eit\u00ed nap\u00e1\u0159ky u konkr\u00e9tn\u00edch stav\u016f<\/h2>\t\t<\/div>\n\t\t\t\t<\/div>\n\t\t\t\t<div class=\"elementor-element elementor-element-2ed3b2d8 elementor-widget elementor-widget-text-editor\" data-id=\"2ed3b2d8\" data-element_type=\"widget\" data-widget_type=\"text-editor.default\">\n\t\t\t\t<div class=\"elementor-widget-container\">\n\t\t\t\t\t\t\t<p>Vagin\u00e1ln\u00ed nap\u00e1\u0159ka je st\u00e1le v\u00edce pou\u017e\u00edvan\u00e1 technika, kter\u00e1 nach\u00e1z\u00ed sv\u00e9 uplatn\u011bn\u00ed zejm\u00e9na v obdob\u00ed t\u011bhotenstv\u00ed a p\u0159i porodu. Vyu\u017e\u00edt se d\u00e1 b\u011bhem cel\u00e9ho \u017eivota \u017eeny v mnohem v\u011bt\u0161\u00ed \u0161k\u00e1le diagn\u00f3z a obt\u00ed\u017e\u00ed. Je to star\u00e1 alternativn\u00ed l\u00e9\u010debn\u00e1 metoda, kter\u00e1 vyu\u017e\u00edv\u00e1 vodn\u00ed p\u00e1ry a bylinn\u00fdch extrakt\u016f k l\u00e9\u010db\u011b a regulaci \u017eensk\u00e9ho reproduk\u010dn\u00edho syst\u00e9mu. Pokud si nejste jist\u00e1, zda je ve Va\u0161em p\u0159\u00edpad\u011b aplikace bylinn\u00e9 nap\u00e1\u0159ky vhodn\u00e1, doporu\u010dujeme konzultovat stav se sv\u00fdm gynekologem.<\/p>\t\t\t\t\t\t<\/div>\n\t\t\t\t<\/div>\n\t\t\t\t<div class=\"elementor-element elementor-element-d96412b elementor-widget elementor-widget-heading\" data-id=\"d96412b\" data-element_type=\"widget\" data-widget_type=\"heading.default\">\n\t\t\t\t<div class=\"elementor-widget-container\">\n\t\t\t<h4 class=\"elementor-heading-title elementor-size-default\">Nap\u00e1\u0159ku m\u016f\u017eete p\u0159ipravit doma i bez speci\u00e1ln\u00edho vybaven\u00ed<\/h4>\t\t<\/div>\n\t\t\t\t<\/div>\n\t\t\t\t<div class=\"elementor-element elementor-element-1f4c178 elementor-widget elementor-widget-text-editor\" data-id=\"1f4c178\" data-element_type=\"widget\" data-widget_type=\"text-editor.default\">\n\t\t\t\t<div class=\"elementor-widget-container\">\n\t\t\t\t\t\t\t<p>Principem nap\u00e1\u0159ky je nah\u0159\u00edv\u00e1n\u00ed pomoc\u00ed p\u00e1ry. Jedn\u00e1 se o p\u0159\u00edjemnou techniku, kdy \u017eena sed\u00ed nad horkou p\u00e1rou. P\u0159i napa\u0159ov\u00e1n\u00ed je v\u017edy vhodn\u00e9 zabalit se do deky, aby vytvo\u0159en\u00e9 teplo neunikalo. K tomu se obvykle vyu\u017e\u00edvaj\u00ed speci\u00e1ln\u00ed nap\u00e1\u0159kov\u00e9 stoli\u010dky, prk\u00e9nka \u010di \u017eidle s otvorem v sed\u00e1tku. Toto vybaven\u00ed se d\u00e1 koupit na specializovan\u00fdch webech, nicm\u00e9n\u011b je mo\u017en\u00e9 pom\u016fcku pro napa\u0159ov\u00e1n\u00ed vyrobit doma. Variantou je tak\u00e9 napa\u0159ov\u00e1n\u00ed na wc, kdy se do toalety vlo\u017e\u00ed hrnec s bylinnou sm\u011bs\u00ed. Tak\u00e9 je mo\u017en\u00e9 napa\u0159ov\u00e1n\u00ed i bez jak\u00fdchkoliv pom\u016fcek (posta\u010d\u00ed hrnec a deka), kdy si \u017eena m\u016f\u017ee nad hrnec kleknout a op\u0159\u00edt se lokty nap\u0159. o postel.<\/p><p>Another option is steaming on the toilet, where a pot with herbal blends is placed inside the toilet bowl. Steaming can even be done without any special tools (just a pot and a blanket), where the woman can kneel over the pot and rest her elbows on, for example, a bed.<\/p>\t\t\t\t\t\t<\/div>\n\t\t\t\t<\/div>\n\t\t\t\t<div class=\"elementor-element elementor-element-6dfc2df elementor-widget elementor-widget-heading\" data-id=\"6dfc2df\" data-element_type=\"widget\" data-widget_type=\"heading.default\">\n\t\t\t\t<div class=\"elementor-widget-container\">\n\t\t\t<h4 class=\"elementor-heading-title elementor-size-default\">\nKdy nap\u00e1\u0159ku pou\u017e\u00edv\u00e1me:<\/h4>\t\t<\/div>\n\t\t\t\t<\/div>\n\t\t\t\t<div class=\"elementor-element elementor-element-e5e76f2 elementor-widget elementor-widget-heading\" data-id=\"e5e76f2\" data-element_type=\"widget\" data-widget_type=\"heading.default\">\n\t\t\t\t<div class=\"elementor-widget-container\">\n\t\t\t<h6 class=\"elementor-heading-title elementor-size-default\">Bolestiv\u00e1 menstruace<\/h6>\t\t<\/div>\n\t\t\t\t<\/div>\n\t\t\t\t<div class=\"elementor-element elementor-element-69753b5 elementor-widget elementor-widget-text-editor\" data-id=\"69753b5\" data-element_type=\"widget\" data-widget_type=\"text-editor.default\">\n\t\t\t\t<div class=\"elementor-widget-container\">\n\t\t\t\t\t\t\t<p>Vagin\u00e1ln\u00ed nap\u00e1\u0159ka m\u016f\u017ee pomoci p\u0159i regulaci menstrua\u010dn\u00edho cyklu, zejm\u00e9na pro zm\u00edrn\u011bn\u00ed bolesti. Je dobr\u00e9 zvolit bylinky, kter\u00e9 mohou ulevit od k\u0159e\u010d\u00ed a bolest\u00ed. Napa\u0159ov\u00e1n\u00ed se prov\u00e1d\u00ed t\u0159i dny a\u017e jeden t\u00fdden p\u0159ed o\u010dek\u00e1vanou menstruac\u00ed. Nap\u00e1\u0159ku je vhodn\u00e9 prov\u00e1d\u011bt n\u011bkolik dn\u00ed po sob\u011b. P\u0159i za\u010d\u00e1tku krv\u00e1cen\u00ed ji\u017e nenapa\u0159ujte.<\/p>\t\t\t\t\t\t<\/div>\n\t\t\t\t<\/div>\n\t\t\t\t<div class=\"elementor-element elementor-element-ebe8e27 elementor-widget elementor-widget-heading\" data-id=\"ebe8e27\" data-element_type=\"widget\" data-widget_type=\"heading.default\">\n\t\t\t\t<div class=\"elementor-widget-container\">\n\t\t\t<h6 class=\"elementor-heading-title elementor-size-default\">Endometri\u00f3za<\/h6>\t\t<\/div>\n\t\t\t\t<\/div>\n\t\t\t\t<div class=\"elementor-element elementor-element-7fc807c elementor-widget elementor-widget-text-editor\" data-id=\"7fc807c\" data-element_type=\"widget\" data-widget_type=\"text-editor.default\">\n\t\t\t\t<div class=\"elementor-widget-container\">\n\t\t\t\t\t\t\t<p>Nap\u00e1\u0159ka se m\u016f\u017ee vyu\u017e\u00edvat i u klientek s endometri\u00f3zou, jako dopl\u0148kov\u00e1 l\u00e9\u010dba. U endometri\u00f3zy se jedn\u00e1 o aseptick\u00fd (nebakteri\u00e1ln\u00ed) z\u00e1n\u011bt, teplo tedy na n\u011bj nem\u00e1 negativn\u00ed vliv. Naopak p\u016fsoben\u00ed tepla a bylin m\u016f\u017ee m\u00edt analgetick\u00fd efekt. Op\u011bt napa\u0159ujte p\u0159ed menstruac\u00ed, nebo kdykoliv v pr\u016fb\u011bhu cyklu. Nikdy ne ale p\u0159i menstruaci samotn\u00e9. Je mo\u017en\u00e9 zakoupit bylinn\u00e9 sm\u011bsi vhodn\u00e9 p\u0159\u00edmo pro \u017eeny s endometri\u00f3zou.<\/p>\t\t\t\t\t\t<\/div>\n\t\t\t\t<\/div>\n\t\t\t\t<div class=\"elementor-element elementor-element-e511657 elementor-widget elementor-widget-heading\" data-id=\"e511657\" data-element_type=\"widget\" data-widget_type=\"heading.default\">\n\t\t\t\t<div class=\"elementor-widget-container\">\n\t\t\t<h6 class=\"elementor-heading-title elementor-size-default\">\nPodpora ot\u011bhotn\u011bn\u00ed<\/h6>\t\t<\/div>\n\t\t\t\t<\/div>\n\t\t\t\t<div class=\"elementor-element elementor-element-6f847c4 elementor-widget elementor-widget-text-editor\" data-id=\"6f847c4\" data-element_type=\"widget\" data-widget_type=\"text-editor.default\">\n\t\t\t\t<div class=\"elementor-widget-container\">\n\t\t\t\t\t\t\t<p>N\u011bkter\u00e9 \u017eeny pou\u017e\u00edvaj\u00ed vagin\u00e1ln\u00ed nap\u00e1\u0159ku, jako sou\u010d\u00e1st celkov\u00e9ho pl\u00e1nu na podporu plodnosti. Byliny mohou zlep\u0161ovat n\u00e1r\u016fst d\u011blo\u017en\u00ed sliznice a zlep\u0161ovat kvalitu cervik\u00e1ln\u00edho hlenu. Nav\u00edc cel\u00fd proces napa\u0159ov\u00e1n\u00ed \u017eenu p\u0159\u00edjemn\u011b zklidn\u00ed. S t\u00edmto z\u00e1m\u011brem je vhodn\u00e9 napa\u0159ovat pouze do obdob\u00ed ovulace a n\u00e1sledn\u011b u\u017e ne. Op\u011bt za\u010d\u00edt a\u017e po skon\u010den\u00ed menstruace. Pro podporu po\u010det\u00ed sta\u010d\u00ed nap\u00e1\u0159ku prov\u00e9st jednou po skon\u010den\u00ed menstruace a znovu p\u00e1r dn\u00ed p\u0159ed ovulac\u00ed (p\u0159ed stykem, aby teplo nep\u016fsobilo negativn\u011b na spermie).<\/p><p>For this purpose, it is advisable to steam only during the ovulatory period and not afterwards. You should start again only after menstruation ends. To support conception, steaming can be done once after menstruation and again a few days before ovulation (before intercourse) to ensure that the heat does not negatively affect the sperm.<\/p>\t\t\t\t\t\t<\/div>\n\t\t\t\t<\/div>\n\t\t\t\t<div class=\"elementor-element elementor-element-583e1bc elementor-widget elementor-widget-heading\" data-id=\"583e1bc\" data-element_type=\"widget\" data-widget_type=\"heading.default\">\n\t\t\t\t<div class=\"elementor-widget-container\">\n\t\t\t<h6 class=\"elementor-heading-title elementor-size-default\">Proces um\u011bl\u00e9ho oplodn\u011bn\u00ed (ivf) \u010di inseminace<\/h6>\t\t<\/div>\n\t\t\t\t<\/div>\n\t\t\t\t<div class=\"elementor-element elementor-element-f0c5708 elementor-widget elementor-widget-text-editor\" data-id=\"f0c5708\" data-element_type=\"widget\" data-widget_type=\"text-editor.default\">\n\t\t\t\t<div class=\"elementor-widget-container\">\n\t\t\t\t\t\t\t<div class=\"flex-shrink-0 flex flex-col relative items-end\"><div><div class=\"pt-0\"><div class=\"gizmo-bot-avatar flex h-8 w-8 items-center justify-center overflow-hidden rounded-full\"><div class=\"relative p-1 rounded-sm flex items-center justify-center bg-token-main-surface-primary text-token-text-primary h-8 w-8\"><span style=\"font-size: 16px;\">V tomto p\u0159\u00edpad\u011b rad\u011bji konzultujte techniku s l\u00e9ka\u0159em. Dle empirick\u00fdch zku\u0161enost\u00ed m\u016f\u017ee nap\u00e1\u0159ka b\u00fdt dobr\u00fdm dopl\u0148kem v l\u00e9\u010db\u011b neplodnosti. M\u016f\u017eete ji ud\u011blat jednou po skon\u010den\u00ed menstruace a n\u00e1sledn\u011b v den pl\u00e1novan\u00e9 inseminace \u010di embryotransferu \u2013 tj. r\u00e1no p\u0159ed z\u00e1krokem, jako p\u0159\u00edpravu.<\/span><\/div><\/div><\/div><\/div><\/div>\t\t\t\t\t\t<\/div>\n\t\t\t\t<\/div>\n\t\t\t\t<div class=\"elementor-element elementor-element-2347f94 elementor-widget elementor-widget-heading\" data-id=\"2347f94\" data-element_type=\"widget\" data-widget_type=\"heading.default\">\n\t\t\t\t<div class=\"elementor-widget-container\">\n\t\t\t<h6 class=\"elementor-heading-title elementor-size-default\">V t\u011bhotenstv\u00ed a p\u0159i porodu<\/h6>\t\t<\/div>\n\t\t\t\t<\/div>\n\t\t\t\t<div class=\"elementor-element elementor-element-aba24aa elementor-widget elementor-widget-text-editor\" data-id=\"aba24aa\" data-element_type=\"widget\" data-widget_type=\"text-editor.default\">\n\t\t\t\t<div class=\"elementor-widget-container\">\n\t\t\t\t\t\t\t<div class=\"flex max-w-full flex-col flex-grow\"><div class=\"min-h-8 text-message flex w-full flex-col items-end gap-2 whitespace-normal break-words [.text-message+&amp;]:mt-5\" dir=\"auto\" data-message-author-role=\"assistant\" data-message-id=\"40b31ed8-586e-4137-a70f-b5a2c31e6f2f\" data-message-model-slug=\"gpt-4o-mini\"><div class=\"flex w-full flex-col gap-1 empty:hidden first:pt-[3px]\"><div class=\"markdown prose w-full break-words dark:prose-invert dark\"><p>Vagin\u00e1ln\u00ed nap\u00e1\u0159ku prov\u00e1d\u00edme pouze od ukon\u010den\u00e9ho 38.t\u00fddne t\u011bhotenstv\u00ed. Je mo\u017en\u00e9 prov\u00e1d\u011bt ji denn\u011b nebo obden. Tato technika napom\u00e1h\u00e1 p\u0159\u00edprav\u011b porodn\u00edch cest k porodu. M\u016f\u017ee ulevovat i od bolest\u00ed. Nap\u00e1\u0159ka je vhodn\u00e1 tak\u00e9 v prvn\u00ed dob\u011b porodn\u00ed, respektive p\u0159i rozb\u00edh\u00e1n\u00ed porodu, kdy op\u011bt ulevuje od bolest\u00ed a pom\u00e1h\u00e1 s uvoln\u011bn\u00edm porodn\u00edch cest. Dnes se nap\u00e1\u0159ky prov\u00e1d\u011bj\u00ed i p\u0159\u00edmo v n\u011bkter\u00fdch porodnic\u00edch.<\/p><\/div><\/div><\/div><\/div>\t\t\t\t\t\t<\/div>\n\t\t\t\t<\/div>\n\t\t\t\t<div class=\"elementor-element elementor-element-c8de2e1 elementor-widget elementor-widget-heading\" data-id=\"c8de2e1\" data-element_type=\"widget\" data-widget_type=\"heading.default\">\n\t\t\t\t<div class=\"elementor-widget-container\">\n\t\t\t<h6 class=\"elementor-heading-title elementor-size-default\">Po porodu<\/h6>\t\t<\/div>\n\t\t\t\t<\/div>\n\t\t\t\t<div class=\"elementor-element elementor-element-9d3cdb6 elementor-widget elementor-widget-text-editor\" data-id=\"9d3cdb6\" data-element_type=\"widget\" data-widget_type=\"text-editor.default\">\n\t\t\t\t<div class=\"elementor-widget-container\">\n\t\t\t\t\t\t\t<p>Po porodu m\u016f\u017ee vagin\u00e1ln\u00ed nap\u00e1\u0159ka pomoci v procesu hojen\u00ed a regenerace. Je nutn\u00e9 s nap\u00e1\u0159kou za\u010d\u00edt, ale a\u017e po dokrv\u00e1cen\u00ed, resp. kdy\u017e o\u010distky znateln\u011b zesl\u00e1bnou a barva bude sp\u00ed\u0161e hn\u011bd\u00e1\/\u0161ed\u00e1. Tehdy m\u016f\u017eete zkusit kr\u00e1tkou nap\u00e1\u0159ku. Pokud se n\u00e1sledn\u011b neobjev\u00ed krv\u00e1cen\u00ed, m\u016f\u017eete s napa\u0159ov\u00e1n\u00edm pokra\u010dovat, a takto ukon\u010dit \u0161estined\u011bl\u00ed. Pro nejlep\u0161\u00ed efekt se doporu\u010duje 30ti denn\u00ed poporodn\u00ed nap\u00e1\u0159kov\u00e1 k\u016fra.<\/p><p>For optimal results, a 30-day postpartum steaming regimen is recommended. This practice can support healing, promote relaxation, and help restore balance to the body during the postpartum phase. Always consult with a healthcare provider before starting any new practice postpartum to ensure it\u2019s suitable for your individual situation.<\/p>\t\t\t\t\t\t<\/div>\n\t\t\t\t<\/div>\n\t\t\t\t<div class=\"elementor-element elementor-element-c77422d elementor-widget elementor-widget-heading\" data-id=\"c77422d\" data-element_type=\"widget\" data-widget_type=\"heading.default\">\n\t\t\t\t<div class=\"elementor-widget-container\">\n\t\t\t<h4 class=\"elementor-heading-title elementor-size-default\">Kdy nen\u00ed vhodn\u00e9 nap\u00e1\u0159ku prov\u00e1d\u011bt v\u016fbec<\/h4>\t\t<\/div>\n\t\t\t\t<\/div>\n\t\t\t\t<div class=\"elementor-element elementor-element-43b01d3 elementor-widget elementor-widget-text-editor\" data-id=\"43b01d3\" data-element_type=\"widget\" data-widget_type=\"text-editor.default\">\n\t\t\t\t<div class=\"elementor-widget-container\">\n\t\t\t\t\t\t\t<ul><li><p>Kontraindikac\u00ed pro vyu\u017eit\u00ed nap\u00e1\u0159ky je t\u011bhotenstv\u00ed a\u017e do ukon\u010den\u00e9ho 38. t\u00fddne.<\/p><\/li><li><p>Dal\u0161\u00ed kontraindikac\u00ed je krv\u00e1cen\u00ed. P\u0159i prob\u00edhaj\u00edc\u00ed menstruaci nikdy nap\u00e1\u0159ku neprov\u00e1d\u00edme. Tot\u00e9\u017e plat\u00ed i p\u0159i krv\u00e1cen\u00ed po porodu, tj. p\u0159i odch\u00e1zen\u00ed o\u010distek.<\/p><\/li><li><p>Nap\u00e1\u0159ku tak\u00e9 neprov\u00e1d\u011bjte, pokud jste v akutn\u00ed f\u00e1zi jak\u00e9koliv gynekologick\u00e9 infekce.<\/p><\/li><li><p>Pokud m\u00e1te zv\u00fd\u0161enou teplotu, hore\u010dku nebo jste nemocn\u00e1, rad\u011bji napa\u0159ov\u00e1n\u00ed odlo\u017ete a\u017e se budete c\u00edtit l\u00e9pe.<\/p><\/li><li><p>Nenapa\u0159ujte se ani po ovulaci, pokud si p\u0159ejete ot\u011bhotn\u011bt, respektive byste mohla b\u00fdt t\u011bhotn\u00e1.<\/p><\/li><\/ul>\t\t\t\t\t\t<\/div>\n\t\t\t\t<\/div>\n\t\t\t\t\t<\/div>\n\t\t<\/div>\n\t\t\t\t\t<\/div>\n\t\t<\/section>\n\t\t\t\t<\/div>","protected":false},"excerpt":{"rendered":"<p>Uses of Vaginal Steaming for Specific Conditions Vaginal steaming is an increasingly popular technique, especially during pregnancy and childbirth. It [&hellip;]<\/p>","protected":false},"author":1,"featured_media":0,"parent":0,"menu_order":0,"comment_status":"closed","ping_status":"closed","template":"","meta":{"_monsterinsights_skip_tracking":false,"_monsterinsights_sitenote_active":false,"_monsterinsights_sitenote_note":"","_monsterinsights_sitenote_category":0,"site-sidebar-layout":"no-sidebar","site-content-layout":"","ast-site-content-layout":"full-width-container","site-content-style":"default","site-sidebar-style":"default","ast-global-header-display":"","ast-banner-title-visibility":"","ast-main-header-display":"","ast-hfb-above-header-display":"","ast-hfb-below-header-display":"","ast-hfb-mobile-header-display":"","site-post-title":"disabled","ast-breadcrumbs-content":"","ast-featured-img":"disabled","footer-sml-layout":"","theme-transparent-header-meta":"","adv-header-id-meta":"","stick-header-meta":"","header-above-stick-meta":"","header-main-stick-meta":"","header-below-stick-meta":"","astra-migrate-meta-layouts":"default","ast-page-background-enabled":"default","ast-page-background-meta":{"desktop":{"background-color":"var(--ast-global-color-4)","background-image":"","background-repeat":"repeat","background-position":"center center","background-size":"auto","background-attachment":"scroll","background-type":"","background-media":"","overlay-type":"","overlay-color":"","overlay-opacity":"","overlay-gradient":""},"tablet":{"background-color":"","background-image":"","background-repeat":"repeat","background-position":"center center","background-size":"auto","background-attachment":"scroll","background-type":"","background-media":"","overlay-type":"","overlay-color":"","overlay-opacity":"","overlay-gradient":""},"mobile":{"background-color":"","background-image":"","background-repeat":"repeat","background-position":"center center","background-size":"auto","background-attachment":"scroll","background-type":"","background-media":"","overlay-type":"","overlay-color":"","overlay-opacity":"","overlay-gradient":""}},"ast-content-background-meta":{"desktop":{"background-color":"var(--ast-global-color-5)","background-image":"","background-repeat":"repeat","background-position":"center center","background-size":"auto","background-attachment":"scroll","background-type":"","background-media":"","overlay-type":"","overlay-color":"","overlay-opacity":"","overlay-gradient":""},"tablet":{"background-color":"var(--ast-global-color-5)","background-image":"","background-repeat":"repeat","background-position":"center center","background-size":"auto","background-attachment":"scroll","background-type":"","background-media":"","overlay-type":"","overlay-color":"","overlay-opacity":"","overlay-gradient":""},"mobile":{"background-color":"var(--ast-global-color-5)","background-image":"","background-repeat":"repeat","background-position":"center center","background-size":"auto","background-attachment":"scroll","background-type":"","background-media":"","overlay-type":"","overlay-color":"","overlay-opacity":"","overlay-gradient":""}},"footnotes":""},"class_list":["post-296","page","type-page","status-publish","hentry"],"yoast_head":"<!-- This site is optimized with the Yoast SEO plugin v23.5 - https:\/\/yoast.com\/wordpress\/plugins\/seo\/ -->\n<title>Using steam therapy in specific health conditions - Esty Stool<\/title>\n<meta name=\"robots\" content=\"index, follow, max-snippet:-1, max-image-preview:large, max-video-preview:-1\" \/>\n<link rel=\"canonical\" href=\"https:\/\/www.estystool.com\/cs\/using-steam-therapy-in-specific-health-conditions\/\" \/>\n<meta property=\"og:locale\" content=\"cs_CZ\" \/>\n<meta property=\"og:type\" content=\"article\" \/>\n<meta property=\"og:title\" content=\"Using steam therapy in specific health conditions - Esty Stool\" \/>\n<meta property=\"og:description\" content=\"Uses of Vaginal Steaming for Specific Conditions Vaginal steaming is an increasingly popular technique, especially during pregnancy and childbirth. It [&hellip;]\" \/>\n<meta property=\"og:url\" content=\"https:\/\/www.estystool.com\/cs\/using-steam-therapy-in-specific-health-conditions\/\" \/>\n<meta property=\"og:site_name\" content=\"Esty Stool\" \/>\n<meta property=\"article:modified_time\" content=\"2024-10-19T16:08:11+00:00\" \/>\n<meta name=\"twitter:card\" content=\"summary_large_image\" \/>\n<meta name=\"twitter:label1\" content=\"Odhadovan\u00e1 doba \u010dten\u00ed\" \/>\n\t<meta name=\"twitter:data1\" content=\"4 minuty\" \/>\n<script type=\"application\/ld+json\" class=\"yoast-schema-graph\">{\"@context\":\"https:\/\/schema.org\",\"@graph\":[{\"@type\":\"WebPage\",\"@id\":\"https:\/\/www.estystool.com\/using-steam-therapy-in-specific-health-conditions\/\",\"url\":\"https:\/\/www.estystool.com\/using-steam-therapy-in-specific-health-conditions\/\",\"name\":\"Using steam therapy in specific health conditions - Esty Stool\",\"isPartOf\":{\"@id\":\"https:\/\/www.estystool.com\/#website\"},\"datePublished\":\"2024-10-15T19:01:23+00:00\",\"dateModified\":\"2024-10-19T16:08:11+00:00\",\"breadcrumb\":{\"@id\":\"https:\/\/www.estystool.com\/using-steam-therapy-in-specific-health-conditions\/#breadcrumb\"},\"inLanguage\":\"cs\",\"potentialAction\":[{\"@type\":\"ReadAction\",\"target\":[\"https:\/\/www.estystool.com\/using-steam-therapy-in-specific-health-conditions\/\"]}]},{\"@type\":\"BreadcrumbList\",\"@id\":\"https:\/\/www.estystool.com\/using-steam-therapy-in-specific-health-conditions\/#breadcrumb\",\"itemListElement\":[{\"@type\":\"ListItem\",\"position\":1,\"name\":\"Home\",\"item\":\"https:\/\/www.estystool.com\/\"},{\"@type\":\"ListItem\",\"position\":2,\"name\":\"Using steam therapy in specific health conditions\"}]},{\"@type\":\"WebSite\",\"@id\":\"https:\/\/www.estystool.com\/#website\",\"url\":\"https:\/\/www.estystool.com\/\",\"name\":\"Esty Stool\",\"description\":\"\",\"potentialAction\":[{\"@type\":\"SearchAction\",\"target\":{\"@type\":\"EntryPoint\",\"urlTemplate\":\"https:\/\/www.estystool.com\/?s={search_term_string}\"},\"query-input\":{\"@type\":\"PropertyValueSpecification\",\"valueRequired\":true,\"valueName\":\"search_term_string\"}}],\"inLanguage\":\"cs\"}]}<\/script>\n<!-- \/ Yoast SEO plugin. -->","yoast_head_json":{"title":"Using steam therapy in specific health conditions - Esty Stool","robots":{"index":"index","follow":"follow","max-snippet":"max-snippet:-1","max-image-preview":"max-image-preview:large","max-video-preview":"max-video-preview:-1"},"canonical":"https:\/\/www.estystool.com\/cs\/using-steam-therapy-in-specific-health-conditions\/","og_locale":"cs_CZ","og_type":"article","og_title":"Using steam therapy in specific health conditions - Esty Stool","og_description":"Uses of Vaginal Steaming for Specific Conditions Vaginal steaming is an increasingly popular technique, especially during pregnancy and childbirth. It [&hellip;]","og_url":"https:\/\/www.estystool.com\/cs\/using-steam-therapy-in-specific-health-conditions\/","og_site_name":"Esty Stool","article_modified_time":"2024-10-19T16:08:11+00:00","twitter_card":"summary_large_image","twitter_misc":{"Odhadovan\u00e1 doba \u010dten\u00ed":"4 minuty"},"schema":{"@context":"https:\/\/schema.org","@graph":[{"@type":"WebPage","@id":"https:\/\/www.estystool.com\/using-steam-therapy-in-specific-health-conditions\/","url":"https:\/\/www.estystool.com\/using-steam-therapy-in-specific-health-conditions\/","name":"Using steam therapy in specific health conditions - Esty Stool","isPartOf":{"@id":"https:\/\/www.estystool.com\/#website"},"datePublished":"2024-10-15T19:01:23+00:00","dateModified":"2024-10-19T16:08:11+00:00","breadcrumb":{"@id":"https:\/\/www.estystool.com\/using-steam-therapy-in-specific-health-conditions\/#breadcrumb"},"inLanguage":"cs","potentialAction":[{"@type":"ReadAction","target":["https:\/\/www.estystool.com\/using-steam-therapy-in-specific-health-conditions\/"]}]},{"@type":"BreadcrumbList","@id":"https:\/\/www.estystool.com\/using-steam-therapy-in-specific-health-conditions\/#breadcrumb","itemListElement":[{"@type":"ListItem","position":1,"name":"Home","item":"https:\/\/www.estystool.com\/"},{"@type":"ListItem","position":2,"name":"Using steam therapy in specific health conditions"}]},{"@type":"WebSite","@id":"https:\/\/www.estystool.com\/#website","url":"https:\/\/www.estystool.com\/","name":"Esty Stool","description":"","potentialAction":[{"@type":"SearchAction","target":{"@type":"EntryPoint","urlTemplate":"https:\/\/www.estystool.com\/?s={search_term_string}"},"query-input":{"@type":"PropertyValueSpecification","valueRequired":true,"valueName":"search_term_string"}}],"inLanguage":"cs"}]}},"_links":{"self":[{"href":"https:\/\/www.estystool.com\/cs\/wp-json\/wp\/v2\/pages\/296"}],"collection":[{"href":"https:\/\/www.estystool.com\/cs\/wp-json\/wp\/v2\/pages"}],"about":[{"href":"https:\/\/www.estystool.com\/cs\/wp-json\/wp\/v2\/types\/page"}],"author":[{"embeddable":true,"href":"https:\/\/www.estystool.com\/cs\/wp-json\/wp\/v2\/users\/1"}],"replies":[{"embeddable":true,"href":"https:\/\/www.estystool.com\/cs\/wp-json\/wp\/v2\/comments?post=296"}],"version-history":[{"count":6,"href":"https:\/\/www.estystool.com\/cs\/wp-json\/wp\/v2\/pages\/296\/revisions"}],"predecessor-version":[{"id":341,"href":"https:\/\/www.estystool.com\/cs\/wp-json\/wp\/v2\/pages\/296\/revisions\/341"}],"wp:attachment":[{"href":"https:\/\/www.estystool.com\/cs\/wp-json\/wp\/v2\/media?parent=296"}],"curies":[{"name":"wp","href":"https:\/\/api.w.org\/{rel}","templated":true}]}}