{"id":227,"date":"2024-10-05T14:44:40","date_gmt":"2024-10-05T14:44:40","guid":{"rendered":"https:\/\/www.estystool.com\/?page_id=227"},"modified":"2024-10-19T16:10:28","modified_gmt":"2024-10-19T16:10:28","slug":"pregnancy-and-childbirth","status":"publish","type":"page","link":"https:\/\/www.estystool.com\/cs\/pregnancy-and-childbirth\/","title":{"rendered":"Vyu\u017eit\u00ed bylinn\u00e9 n\u00e1pa\u0159ky b\u011bhem t\u011bhotenstv\u00ed a porodu"},"content":{"rendered":"<div data-elementor-type=\"wp-page\" data-elementor-id=\"227\" class=\"elementor elementor-227\" data-elementor-post-type=\"page\">\n\t\t\t\t\t\t<section class=\"elementor-section elementor-top-section elementor-element elementor-element-27f5e91 elementor-section-boxed elementor-section-height-default elementor-section-height-default\" data-id=\"27f5e91\" data-element_type=\"section\" data-settings=\"{&quot;background_background&quot;:&quot;classic&quot;}\">\n\t\t\t\t\t\t\t<div class=\"elementor-background-overlay\"><\/div>\n\t\t\t\t\t\t\t<div class=\"elementor-container elementor-column-gap-default\">\n\t\t\t\t\t<div class=\"elementor-column elementor-col-100 elementor-top-column elementor-element elementor-element-4b56b174\" data-id=\"4b56b174\" data-element_type=\"column\" data-settings=\"{&quot;background_background&quot;:&quot;classic&quot;}\">\n\t\t\t<div class=\"elementor-widget-wrap elementor-element-populated\">\n\t\t\t\t\t<div class=\"elementor-background-overlay\"><\/div>\n\t\t\t\t\t\t<div class=\"elementor-element elementor-element-7e3ac74 elementor-widget elementor-widget-heading\" data-id=\"7e3ac74\" data-element_type=\"widget\" data-widget_type=\"heading.default\">\n\t\t\t\t<div class=\"elementor-widget-container\">\n\t\t\t<h2 class=\"elementor-heading-title elementor-size-default\">Vyu\u017eit\u00ed bylinn\u00e9 n\u00e1pa\u0159ky b\u011bhem t\u011bhotenstv\u00ed a porodu<\/h2>\t\t<\/div>\n\t\t\t\t<\/div>\n\t\t\t\t<div class=\"elementor-element elementor-element-2ed3b2d8 elementor-widget elementor-widget-text-editor\" data-id=\"2ed3b2d8\" data-element_type=\"widget\" data-widget_type=\"text-editor.default\">\n\t\t\t\t<div class=\"elementor-widget-container\">\n\t\t\t\t\t\t\t<p>Bylinn\u00e1 vagin\u00e1ln\u00ed nap\u00e1\u0159ka je tradi\u010dn\u00ed technika, kter\u00e1 z\u00edsk\u00e1v\u00e1 st\u00e1le v\u011bt\u0161\u00ed popularitu i v modern\u00edm porodnictv\u00ed jako zp\u016fsob p\u0159\u00edpravy na porod. Tato praxe zahrnuje sezen\u00ed nad horkou vodou s bylinkami, kter\u00e9 uvol\u0148uj\u00ed p\u00e1ru sm\u011brem k vagin\u00e1ln\u00ed oblasti. Pou\u017eit\u00ed t\u00e9to metody m\u00e1 za c\u00edl p\u0159irozen\u00fdm zp\u016fsobem uvolnit p\u00e1nevn\u00ed dno, zlep\u0161it prokrven\u00ed a p\u0159ipravit t\u011blo na porod. Teplo a bylinn\u00e1 p\u00e1ra napom\u00e1haj\u00ed zjemnit d\u011blo\u017en\u00ed \u010d\u00edpek a p\u0159isp\u00edvaj\u00ed k uvoln\u011bn\u00ed porodn\u00edch cest.<\/p>\t\t\t\t\t\t<\/div>\n\t\t\t\t<\/div>\n\t\t\t\t<div class=\"elementor-element elementor-element-d96412b elementor-widget elementor-widget-heading\" data-id=\"d96412b\" data-element_type=\"widget\" data-widget_type=\"heading.default\">\n\t\t\t\t<div class=\"elementor-widget-container\">\n\t\t\t<h4 class=\"elementor-heading-title elementor-size-default\">P\u0159\u00ednosy p\u0159edporodn\u00ed bylinn\u00e9 n\u00e1pa\u0159ky<\/h4>\t\t<\/div>\n\t\t\t\t<\/div>\n\t\t\t\t<div class=\"elementor-element elementor-element-1f4c178 elementor-widget elementor-widget-text-editor\" data-id=\"1f4c178\" data-element_type=\"widget\" data-widget_type=\"text-editor.default\">\n\t\t\t\t<div class=\"elementor-widget-container\">\n\t\t\t\t\t\t\t<ol><li class=\" translation-block\"><strong>Uvoln\u011bn\u00ed sval\u016f p\u00e1nve a porodn\u00edch cest:<\/strong> Nap\u00e1\u0159ka podporuje relaxaci sval\u016f v oblasti p\u00e1nve a z\u00e1rove\u0148 napom\u00e1h\u00e1 jemn\u00e9mu proh\u0159\u00e1t\u00ed a zm\u011bk\u010den\u00ed d\u011blo\u017en\u00edho \u010d\u00edpku. Tento proces je d\u016fle\u017eit\u00fd pro hlad\u0161\u00ed pr\u016fb\u011bh porodu, jeliko\u017e svaly jsou pru\u017en\u011bj\u0161\u00ed a porodn\u00ed cesty otev\u0159en\u011bj\u0161\u00ed.<\/li><li class=\" translation-block\"><strong>Podpora p\u0159irozen\u00e9ho porodn\u00edho procesu:<\/strong> Nap\u00e1\u0159ka zlep\u0161uje krevn\u00ed ob\u011bh, co\u017e m\u016f\u017ee napomoci ke snadn\u011bj\u0161\u00edmu dilatov\u00e1n\u00ed d\u011blo\u017en\u00edho \u010d\u00edpku a rychlej\u0161\u00edmu otev\u00edr\u00e1n\u00ed b\u011bhem porodu. T\u00edm, \u017ee t\u011blo je uvoln\u011bn\u00e9 a p\u0159ipraven\u00e9, m\u016f\u017ee se sn\u00ed\u017eit riziko komplikac\u00ed spojen\u00fdch s p\u0159\u00edli\u0161 rychl\u00fdm \u010di pomal\u00fdm pr\u016fb\u011bhem porodu.<\/li><li class=\" translation-block\"><strong>Natural&nbsp;method&nbsp;without&nbsp;chemicals<\/strong>: Steaming is a natural and gentle method that does not use chemicals, making it attractive to women seeking alternatives to medical interventions during childbirth. Herbs like lavender, chamomile, and raspberry leaf have soothing and anti-inflammatory properties that can support overall body relaxation<\/li><li class=\" translation-block\"><strong>Zklidn\u011bn\u00ed a psychick\u00e1 pohoda:<\/strong> Psychologick\u00fd aspekt nap\u00e1\u0159ky je \u010dasto p\u0159ehl\u00ed\u017een\u00fd, ale v\u00fdznamn\u00fd. Nap\u00e1\u0159ka vytv\u00e1\u0159\u00ed klidn\u00fd a intimn\u00ed prostor pro t\u011bhotnou \u017eenu, kde m\u016f\u017ee relaxovat a soust\u0159edit se na sv\u00e9 t\u011blo, co\u017e je d\u016fle\u017eit\u00e9 pro vyrovn\u00e1n\u00ed se s n\u00e1ro\u010dnost\u00ed porodu.<\/li><\/ol>\t\t\t\t\t\t<\/div>\n\t\t\t\t<\/div>\n\t\t\t\t<div class=\"elementor-element elementor-element-6dfc2df elementor-widget elementor-widget-heading\" data-id=\"6dfc2df\" data-element_type=\"widget\" data-widget_type=\"heading.default\">\n\t\t\t\t<div class=\"elementor-widget-container\">\n\t\t\t<h4 class=\"elementor-heading-title elementor-size-default\">Byliny pou\u017e\u00edvan\u00e9 p\u0159i p\u0159edporodn\u00ed bylinn\u00e9 nap\u00e1\u0159ce<\/h4>\t\t<\/div>\n\t\t\t\t<\/div>\n\t\t\t\t<div class=\"elementor-element elementor-element-e97e835 elementor-widget elementor-widget-text-editor\" data-id=\"e97e835\" data-element_type=\"widget\" data-widget_type=\"text-editor.default\">\n\t\t\t\t<div class=\"elementor-widget-container\">\n\t\t\t\t\t\t\t<p>Pou\u017eit\u00ed spr\u00e1vn\u00fdch bylin je kl\u00ed\u010dov\u00e9 pro \u00fa\u010dinnost bylinn\u00e9 nap\u00e1\u0159ky b\u011bhem t\u011bhotenstv\u00ed a porodu. N\u00ed\u017ee jsou uvedeny n\u011bkter\u00e9 z bylin, kter\u00e9 se b\u011b\u017en\u011b pou\u017e\u00edvaj\u00ed p\u0159i t\u00e9to praxi:<\/p><ol><li class=\" translation-block\"><strong>Malin\u00edk:<\/strong> Zn\u00e1m\u00fd pro sv\u00e9 schopnosti posilovat d\u011blohu a usnadnit kontrakce, malin\u00edk je jednou z nejobl\u00edben\u011bj\u0161\u00edch bylin p\u0159i p\u0159\u00edprav\u011b na porod.<\/li><li class=\" translation-block\"><strong>He\u0159m\u00e1nek:<\/strong> M\u00e1 zklid\u0148uj\u00edc\u00ed a protiz\u00e1n\u011btliv\u00e9 vlastnosti, co\u017e pom\u00e1h\u00e1 sn\u00ed\u017eit stres a nap\u011bt\u00ed.<\/li><li class=\" translation-block\"><strong>Levandule:<\/strong> P\u016fsob\u00ed relaxa\u010dn\u011b a pom\u00e1h\u00e1 uvolnit svaly v oblasti p\u00e1nve.<\/li><li class=\" translation-block\"><strong>M\u011bs\u00ed\u010dek l\u00e9ka\u0159sk\u00fd:<\/strong> M\u00e1 hojiv\u00e9 vlastnosti, kter\u00e9 mohou pomoci p\u0159i z\u00e1n\u011btech nebo podr\u00e1\u017ed\u011bn\u00ed.<\/li><\/ol><p>Tyto byliny jsou \u010dasto kombinov\u00e1ny tak, aby synergicky podporovaly relaxaci, uvoln\u011bn\u00ed porodn\u00edch cest a p\u0159ipravily t\u011blo na porodn\u00ed proces. Je d\u016fle\u017eit\u00e9 volbu bylin konzultovat s odborn\u00edkem, aby byla nap\u00e1\u0159ka co nejefektivn\u011bj\u0161\u00ed a bezpe\u010dn\u00e1.<\/p>\t\t\t\t\t\t<\/div>\n\t\t\t\t<\/div>\n\t\t\t\t<div class=\"elementor-element elementor-element-e5e76f2 elementor-widget elementor-widget-heading\" data-id=\"e5e76f2\" data-element_type=\"widget\" data-widget_type=\"heading.default\">\n\t\t\t\t<div class=\"elementor-widget-container\">\n\t\t\t<h4 class=\"elementor-heading-title elementor-size-default\">Jak a kdy prov\u00e1d\u011bt p\u0159edporodn\u00ed n\u00e1pa\u0159ku?<\/h4>\t\t<\/div>\n\t\t\t\t<\/div>\n\t\t\t\t<div class=\"elementor-element elementor-element-69753b5 elementor-widget elementor-widget-text-editor\" data-id=\"69753b5\" data-element_type=\"widget\" data-widget_type=\"text-editor.default\">\n\t\t\t\t<div class=\"elementor-widget-container\">\n\t\t\t\t\t\t\t<p>V\u011bt\u0161ina odborn\u00edk\u016f doporu\u010duje za\u010d\u00edt s nap\u00e1\u0159kou kolem 38. t\u00fddne t\u011bhotenstv\u00ed, tedy v dob\u011b, kdy je t\u011blo ji\u017e p\u0159ipraveno na porod. Napa\u0159ka by m\u011bla b\u00fdt prov\u00e1d\u011bna maxim\u00e1ln\u011b jednou denn\u011b a trvat zhruba 20\u201330 minut. P\u0159i pou\u017eit\u00ed spr\u00e1vn\u00fdch bylinn\u00fdch sm\u011bs\u00ed a techniky by m\u011blo b\u00fdt t\u011blo p\u0159ipraveno na jemn\u00e9 uvol\u0148ov\u00e1n\u00ed porodn\u00edch cest. \u017deny, kter\u00e9 pl\u00e1nuj\u00ed vagin\u00e1ln\u00ed n\u00e1pa\u0159ku jako sou\u010d\u00e1st p\u0159\u00edpravy na porod, by m\u011bly konzultovat tuto praxi se svou porodn\u00ed asistentkou nebo l\u00e9ka\u0159em, aby zajistily bezpe\u010dnost a vhodnost t\u00e9to metody.<\/p>\t\t\t\t\t\t<\/div>\n\t\t\t\t<\/div>\n\t\t\t\t<div class=\"elementor-element elementor-element-e511657 elementor-widget elementor-widget-heading\" data-id=\"e511657\" data-element_type=\"widget\" data-widget_type=\"heading.default\">\n\t\t\t\t<div class=\"elementor-widget-container\">\n\t\t\t<h4 class=\"elementor-heading-title elementor-size-default\">Mo\u017en\u00e9 kontraindikace a bezpe\u010dnostn\u00ed opat\u0159en\u00ed<\/h4>\t\t<\/div>\n\t\t\t\t<\/div>\n\t\t\t\t<div class=\"elementor-element elementor-element-6f847c4 elementor-widget elementor-widget-text-editor\" data-id=\"6f847c4\" data-element_type=\"widget\" data-widget_type=\"text-editor.default\">\n\t\t\t\t<div class=\"elementor-widget-container\">\n\t\t\t\t\t\t\t<p>Napa\u0159ka nen\u00ed vhodn\u00e1 pro \u017eeny, kter\u00e9 maj\u00ed vysok\u00e9 riziko p\u0159ed\u010dasn\u00e9ho porodu, vagin\u00e1ln\u00ed infekce nebo jin\u00e9 zdravotn\u00ed probl\u00e9my. Je d\u016fle\u017eit\u00e9, aby p\u00e1ra nebyla p\u0159\u00edli\u0161 hork\u00e1, proto\u017ee by to mohlo zp\u016fsobit podr\u00e1\u017ed\u011bn\u00ed nebo pop\u00e1len\u00ed. P\u0159ed za\u010d\u00e1tkem pou\u017e\u00edv\u00e1n\u00ed n\u00e1pa\u0159ky je vhodn\u00e9 prov\u00e9st konzultaci s odborn\u00edkem, aby byla zaji\u0161t\u011bna maxim\u00e1ln\u00ed bezpe\u010dnost jak pro matku, tak pro d\u00edt\u011b.<\/p>\t\t\t\t\t\t<\/div>\n\t\t\t\t<\/div>\n\t\t\t\t<div class=\"elementor-element elementor-element-c77422d elementor-widget elementor-widget-heading\" data-id=\"c77422d\" data-element_type=\"widget\" data-widget_type=\"heading.default\">\n\t\t\t\t<div class=\"elementor-widget-container\">\n\t\t\t<h4 class=\"elementor-heading-title elementor-size-default\">Z\u00e1v\u011br<\/h4>\t\t<\/div>\n\t\t\t\t<\/div>\n\t\t\t\t<div class=\"elementor-element elementor-element-43b01d3 elementor-widget elementor-widget-text-editor\" data-id=\"43b01d3\" data-element_type=\"widget\" data-widget_type=\"text-editor.default\">\n\t\t\t\t<div class=\"elementor-widget-container\">\n\t\t\t\t\t\t\t<p>Bylinn\u00e1 vagin\u00e1ln\u00ed n\u00e1pa\u0159ka m\u016f\u017ee b\u00fdt cenn\u00fdm dopl\u0148kem p\u0159i p\u0159\u00edprav\u011b na porod, pokud je pou\u017e\u00edv\u00e1na spr\u00e1vn\u011b a bezpe\u010dn\u011b. Napom\u00e1h\u00e1 uvoln\u011bn\u00ed sval\u016f, zlep\u0161uje prokrven\u00ed a p\u0159isp\u00edv\u00e1 ke snaz\u0161\u00edmu pr\u016fb\u011bhu porodu. P\u0159irozen\u00fd a jemn\u00fd charakter t\u00e9to metody ji \u010din\u00ed atraktivn\u00ed volbou pro \u017eeny, kter\u00e9 hledaj\u00ed holistick\u00e9 p\u0159\u00edstupy k p\u00e9\u010di o sv\u00e9 t\u011blo b\u011bhem t\u011bhotenstv\u00ed a p\u0159\u00edpravy na porod.<\/p>\t\t\t\t\t\t<\/div>\n\t\t\t\t<\/div>\n\t\t\t\t\t<\/div>\n\t\t<\/div>\n\t\t\t\t\t<\/div>\n\t\t<\/section>\n\t\t\t\t<\/div>","protected":false},"excerpt":{"rendered":"<p>Using herbal steam during pregnancy and childbirth Herbal\u00a0vaginal\u00a0steaming\u00a0is\u00a0a\u00a0traditional\u00a0technique\u00a0that\u00a0is\u00a0gaining\u00a0increasing\u00a0popularity\u00a0in\u00a0modern\u00a0obstetrics\u00a0as\u00a0a\u00a0way\u00a0to\u00a0prepare\u00a0for\u00a0childbirth.\u00a0This\u00a0practice\u00a0involves\u00a0sitting\u00a0over\u00a0hot\u00a0water\u00a0with\u00a0herbs\u00a0that\u00a0release\u00a0steam\u00a0towards\u00a0the\u00a0vaginal\u00a0area.\u00a0The\u00a0aim\u00a0of\u00a0this\u00a0method\u00a0is\u00a0to\u00a0naturally\u00a0relax\u00a0the\u00a0pelvic\u00a0floor,\u00a0improve\u00a0blood\u00a0circulation,\u00a0and\u00a0prepare\u00a0the\u00a0body\u00a0for\u00a0childbirth.\u00a0The\u00a0heat\u00a0and\u00a0herbal\u00a0steam\u00a0help\u00a0to\u00a0soften\u00a0the\u00a0cervix\u00a0and\u00a0contribute\u00a0to\u00a0the\u00a0relaxation\u00a0of\u00a0the\u00a0birth\u00a0canal. Benefits\u00a0of\u00a0prenatal\u00a0herbal\u00a0steaming Relaxation\u00a0of\u00a0pelvic\u00a0and\u00a0birth\u00a0canal\u00a0muscles:\u00a0Steaming\u00a0promotes\u00a0relaxation\u00a0of\u00a0pelvic\u00a0muscles\u00a0while\u00a0helping\u00a0to\u00a0gently\u00a0warm\u00a0and\u00a0soften\u00a0the\u00a0cervix.\u00a0This\u00a0process\u00a0is\u00a0crucial\u00a0for\u00a0a\u00a0smoother\u00a0labor,\u00a0as\u00a0the\u00a0muscles\u00a0become\u00a0more\u00a0flexible\u00a0and\u00a0the\u00a0birth\u00a0canal\u00a0opens\u00a0wider. Supporting\u00a0the\u00a0natural\u00a0birthing\u00a0process:\u00a0Steaming\u00a0improves\u00a0blood\u00a0circulation,\u00a0which\u00a0can\u00a0facilitate\u00a0easier\u00a0cervical\u00a0dilation\u00a0and\u00a0quicker\u00a0opening\u00a0during\u00a0labor.\u00a0When\u00a0the\u00a0body\u00a0is\u00a0relaxed\u00a0and\u00a0prepared,\u00a0it\u00a0can\u00a0reduce\u00a0the\u00a0risk\u00a0of\u00a0complications\u00a0associated\u00a0with\u00a0either\u00a0too\u00a0rapid\u00a0or\u00a0too\u00a0slow\u00a0labor\u00a0progress \u00a0Natural\u00a0method\u00a0without\u00a0chemicals: Steaming is a natural and gentle method that [&hellip;]<\/p>","protected":false},"author":1,"featured_media":0,"parent":0,"menu_order":0,"comment_status":"closed","ping_status":"closed","template":"","meta":{"_monsterinsights_skip_tracking":false,"_monsterinsights_sitenote_active":false,"_monsterinsights_sitenote_note":"","_monsterinsights_sitenote_category":0,"site-sidebar-layout":"no-sidebar","site-content-layout":"","ast-site-content-layout":"full-width-container","site-content-style":"default","site-sidebar-style":"default","ast-global-header-display":"","ast-banner-title-visibility":"","ast-main-header-display":"","ast-hfb-above-header-display":"","ast-hfb-below-header-display":"","ast-hfb-mobile-header-display":"","site-post-title":"disabled","ast-breadcrumbs-content":"","ast-featured-img":"disabled","footer-sml-layout":"","theme-transparent-header-meta":"","adv-header-id-meta":"","stick-header-meta":"","header-above-stick-meta":"","header-main-stick-meta":"","header-below-stick-meta":"","astra-migrate-meta-layouts":"default","ast-page-background-enabled":"default","ast-page-background-meta":{"desktop":{"background-color":"var(--ast-global-color-4)","background-image":"","background-repeat":"repeat","background-position":"center center","background-size":"auto","background-attachment":"scroll","background-type":"","background-media":"","overlay-type":"","overlay-color":"","overlay-opacity":"","overlay-gradient":""},"tablet":{"background-color":"","background-image":"","background-repeat":"repeat","background-position":"center center","background-size":"auto","background-attachment":"scroll","background-type":"","background-media":"","overlay-type":"","overlay-color":"","overlay-opacity":"","overlay-gradient":""},"mobile":{"background-color":"","background-image":"","background-repeat":"repeat","background-position":"center center","background-size":"auto","background-attachment":"scroll","background-type":"","background-media":"","overlay-type":"","overlay-color":"","overlay-opacity":"","overlay-gradient":""}},"ast-content-background-meta":{"desktop":{"background-color":"var(--ast-global-color-5)","background-image":"","background-repeat":"repeat","background-position":"center center","background-size":"auto","background-attachment":"scroll","background-type":"","background-media":"","overlay-type":"","overlay-color":"","overlay-opacity":"","overlay-gradient":""},"tablet":{"background-color":"var(--ast-global-color-5)","background-image":"","background-repeat":"repeat","background-position":"center center","background-size":"auto","background-attachment":"scroll","background-type":"","background-media":"","overlay-type":"","overlay-color":"","overlay-opacity":"","overlay-gradient":""},"mobile":{"background-color":"var(--ast-global-color-5)","background-image":"","background-repeat":"repeat","background-position":"center center","background-size":"auto","background-attachment":"scroll","background-type":"","background-media":"","overlay-type":"","overlay-color":"","overlay-opacity":"","overlay-gradient":""}},"footnotes":""},"class_list":["post-227","page","type-page","status-publish","hentry"],"yoast_head":"<!-- This site is optimized with the Yoast SEO plugin v23.5 - https:\/\/yoast.com\/wordpress\/plugins\/seo\/ -->\n<title>Using herbal steaming in pregnancy and childbirth - Esty Stool<\/title>\n<meta name=\"robots\" content=\"index, follow, max-snippet:-1, max-image-preview:large, max-video-preview:-1\" \/>\n<link rel=\"canonical\" href=\"https:\/\/www.estystool.com\/cs\/pregnancy-and-childbirth\/\" \/>\n<meta property=\"og:locale\" content=\"cs_CZ\" \/>\n<meta property=\"og:type\" content=\"article\" \/>\n<meta property=\"og:title\" content=\"Using herbal steaming in pregnancy and childbirth - Esty Stool\" \/>\n<meta property=\"og:description\" content=\"Using herbal steam during pregnancy and childbirth Herbal\u00a0vaginal\u00a0steaming\u00a0is\u00a0a\u00a0traditional\u00a0technique\u00a0that\u00a0is\u00a0gaining\u00a0increasing\u00a0popularity\u00a0in\u00a0modern\u00a0obstetrics\u00a0as\u00a0a\u00a0way\u00a0to\u00a0prepare\u00a0for\u00a0childbirth.\u00a0This\u00a0practice\u00a0involves\u00a0sitting\u00a0over\u00a0hot\u00a0water\u00a0with\u00a0herbs\u00a0that\u00a0release\u00a0steam\u00a0towards\u00a0the\u00a0vaginal\u00a0area.\u00a0The\u00a0aim\u00a0of\u00a0this\u00a0method\u00a0is\u00a0to\u00a0naturally\u00a0relax\u00a0the\u00a0pelvic\u00a0floor,\u00a0improve\u00a0blood\u00a0circulation,\u00a0and\u00a0prepare\u00a0the\u00a0body\u00a0for\u00a0childbirth.\u00a0The\u00a0heat\u00a0and\u00a0herbal\u00a0steam\u00a0help\u00a0to\u00a0soften\u00a0the\u00a0cervix\u00a0and\u00a0contribute\u00a0to\u00a0the\u00a0relaxation\u00a0of\u00a0the\u00a0birth\u00a0canal. Benefits\u00a0of\u00a0prenatal\u00a0herbal\u00a0steaming Relaxation\u00a0of\u00a0pelvic\u00a0and\u00a0birth\u00a0canal\u00a0muscles:\u00a0Steaming\u00a0promotes\u00a0relaxation\u00a0of\u00a0pelvic\u00a0muscles\u00a0while\u00a0helping\u00a0to\u00a0gently\u00a0warm\u00a0and\u00a0soften\u00a0the\u00a0cervix.\u00a0This\u00a0process\u00a0is\u00a0crucial\u00a0for\u00a0a\u00a0smoother\u00a0labor,\u00a0as\u00a0the\u00a0muscles\u00a0become\u00a0more\u00a0flexible\u00a0and\u00a0the\u00a0birth\u00a0canal\u00a0opens\u00a0wider. Supporting\u00a0the\u00a0natural\u00a0birthing\u00a0process:\u00a0Steaming\u00a0improves\u00a0blood\u00a0circulation,\u00a0which\u00a0can\u00a0facilitate\u00a0easier\u00a0cervical\u00a0dilation\u00a0and\u00a0quicker\u00a0opening\u00a0during\u00a0labor.\u00a0When\u00a0the\u00a0body\u00a0is\u00a0relaxed\u00a0and\u00a0prepared,\u00a0it\u00a0can\u00a0reduce\u00a0the\u00a0risk\u00a0of\u00a0complications\u00a0associated\u00a0with\u00a0either\u00a0too\u00a0rapid\u00a0or\u00a0too\u00a0slow\u00a0labor\u00a0progress \u00a0Natural\u00a0method\u00a0without\u00a0chemicals: Steaming is a natural and gentle method that [&hellip;]\" \/>\n<meta property=\"og:url\" content=\"https:\/\/www.estystool.com\/cs\/pregnancy-and-childbirth\/\" \/>\n<meta property=\"og:site_name\" content=\"Esty Stool\" \/>\n<meta property=\"article:modified_time\" content=\"2024-10-19T16:10:28+00:00\" \/>\n<meta name=\"twitter:card\" content=\"summary_large_image\" \/>\n<meta name=\"twitter:label1\" content=\"Odhadovan\u00e1 doba \u010dten\u00ed\" \/>\n\t<meta name=\"twitter:data1\" content=\"3 minuty\" \/>\n<script type=\"application\/ld+json\" class=\"yoast-schema-graph\">{\"@context\":\"https:\/\/schema.org\",\"@graph\":[{\"@type\":\"WebPage\",\"@id\":\"https:\/\/www.estystool.com\/pregnancy-and-childbirth\/\",\"url\":\"https:\/\/www.estystool.com\/pregnancy-and-childbirth\/\",\"name\":\"Using herbal steaming in pregnancy and childbirth - Esty Stool\",\"isPartOf\":{\"@id\":\"https:\/\/www.estystool.com\/#website\"},\"datePublished\":\"2024-10-05T14:44:40+00:00\",\"dateModified\":\"2024-10-19T16:10:28+00:00\",\"breadcrumb\":{\"@id\":\"https:\/\/www.estystool.com\/pregnancy-and-childbirth\/#breadcrumb\"},\"inLanguage\":\"cs\",\"potentialAction\":[{\"@type\":\"ReadAction\",\"target\":[\"https:\/\/www.estystool.com\/pregnancy-and-childbirth\/\"]}]},{\"@type\":\"BreadcrumbList\",\"@id\":\"https:\/\/www.estystool.com\/pregnancy-and-childbirth\/#breadcrumb\",\"itemListElement\":[{\"@type\":\"ListItem\",\"position\":1,\"name\":\"Home\",\"item\":\"https:\/\/www.estystool.com\/\"},{\"@type\":\"ListItem\",\"position\":2,\"name\":\"Using herbal steaming in pregnancy and childbirth\"}]},{\"@type\":\"WebSite\",\"@id\":\"https:\/\/www.estystool.com\/#website\",\"url\":\"https:\/\/www.estystool.com\/\",\"name\":\"Esty Stool\",\"description\":\"\",\"potentialAction\":[{\"@type\":\"SearchAction\",\"target\":{\"@type\":\"EntryPoint\",\"urlTemplate\":\"https:\/\/www.estystool.com\/?s={search_term_string}\"},\"query-input\":{\"@type\":\"PropertyValueSpecification\",\"valueRequired\":true,\"valueName\":\"search_term_string\"}}],\"inLanguage\":\"cs\"}]}<\/script>\n<!-- \/ Yoast SEO plugin. -->","yoast_head_json":{"title":"Using herbal steaming in pregnancy and childbirth - Esty Stool","robots":{"index":"index","follow":"follow","max-snippet":"max-snippet:-1","max-image-preview":"max-image-preview:large","max-video-preview":"max-video-preview:-1"},"canonical":"https:\/\/www.estystool.com\/cs\/pregnancy-and-childbirth\/","og_locale":"cs_CZ","og_type":"article","og_title":"Using herbal steaming in pregnancy and childbirth - Esty Stool","og_description":"Using herbal steam during pregnancy and childbirth Herbal\u00a0vaginal\u00a0steaming\u00a0is\u00a0a\u00a0traditional\u00a0technique\u00a0that\u00a0is\u00a0gaining\u00a0increasing\u00a0popularity\u00a0in\u00a0modern\u00a0obstetrics\u00a0as\u00a0a\u00a0way\u00a0to\u00a0prepare\u00a0for\u00a0childbirth.\u00a0This\u00a0practice\u00a0involves\u00a0sitting\u00a0over\u00a0hot\u00a0water\u00a0with\u00a0herbs\u00a0that\u00a0release\u00a0steam\u00a0towards\u00a0the\u00a0vaginal\u00a0area.\u00a0The\u00a0aim\u00a0of\u00a0this\u00a0method\u00a0is\u00a0to\u00a0naturally\u00a0relax\u00a0the\u00a0pelvic\u00a0floor,\u00a0improve\u00a0blood\u00a0circulation,\u00a0and\u00a0prepare\u00a0the\u00a0body\u00a0for\u00a0childbirth.\u00a0The\u00a0heat\u00a0and\u00a0herbal\u00a0steam\u00a0help\u00a0to\u00a0soften\u00a0the\u00a0cervix\u00a0and\u00a0contribute\u00a0to\u00a0the\u00a0relaxation\u00a0of\u00a0the\u00a0birth\u00a0canal. Benefits\u00a0of\u00a0prenatal\u00a0herbal\u00a0steaming Relaxation\u00a0of\u00a0pelvic\u00a0and\u00a0birth\u00a0canal\u00a0muscles:\u00a0Steaming\u00a0promotes\u00a0relaxation\u00a0of\u00a0pelvic\u00a0muscles\u00a0while\u00a0helping\u00a0to\u00a0gently\u00a0warm\u00a0and\u00a0soften\u00a0the\u00a0cervix.\u00a0This\u00a0process\u00a0is\u00a0crucial\u00a0for\u00a0a\u00a0smoother\u00a0labor,\u00a0as\u00a0the\u00a0muscles\u00a0become\u00a0more\u00a0flexible\u00a0and\u00a0the\u00a0birth\u00a0canal\u00a0opens\u00a0wider. Supporting\u00a0the\u00a0natural\u00a0birthing\u00a0process:\u00a0Steaming\u00a0improves\u00a0blood\u00a0circulation,\u00a0which\u00a0can\u00a0facilitate\u00a0easier\u00a0cervical\u00a0dilation\u00a0and\u00a0quicker\u00a0opening\u00a0during\u00a0labor.\u00a0When\u00a0the\u00a0body\u00a0is\u00a0relaxed\u00a0and\u00a0prepared,\u00a0it\u00a0can\u00a0reduce\u00a0the\u00a0risk\u00a0of\u00a0complications\u00a0associated\u00a0with\u00a0either\u00a0too\u00a0rapid\u00a0or\u00a0too\u00a0slow\u00a0labor\u00a0progress \u00a0Natural\u00a0method\u00a0without\u00a0chemicals: Steaming is a natural and gentle method that [&hellip;]","og_url":"https:\/\/www.estystool.com\/cs\/pregnancy-and-childbirth\/","og_site_name":"Esty Stool","article_modified_time":"2024-10-19T16:10:28+00:00","twitter_card":"summary_large_image","twitter_misc":{"Odhadovan\u00e1 doba \u010dten\u00ed":"3 minuty"},"schema":{"@context":"https:\/\/schema.org","@graph":[{"@type":"WebPage","@id":"https:\/\/www.estystool.com\/pregnancy-and-childbirth\/","url":"https:\/\/www.estystool.com\/pregnancy-and-childbirth\/","name":"Using herbal steaming in pregnancy and childbirth - Esty Stool","isPartOf":{"@id":"https:\/\/www.estystool.com\/#website"},"datePublished":"2024-10-05T14:44:40+00:00","dateModified":"2024-10-19T16:10:28+00:00","breadcrumb":{"@id":"https:\/\/www.estystool.com\/pregnancy-and-childbirth\/#breadcrumb"},"inLanguage":"cs","potentialAction":[{"@type":"ReadAction","target":["https:\/\/www.estystool.com\/pregnancy-and-childbirth\/"]}]},{"@type":"BreadcrumbList","@id":"https:\/\/www.estystool.com\/pregnancy-and-childbirth\/#breadcrumb","itemListElement":[{"@type":"ListItem","position":1,"name":"Home","item":"https:\/\/www.estystool.com\/"},{"@type":"ListItem","position":2,"name":"Using herbal steaming in pregnancy and childbirth"}]},{"@type":"WebSite","@id":"https:\/\/www.estystool.com\/#website","url":"https:\/\/www.estystool.com\/","name":"Esty Stool","description":"","potentialAction":[{"@type":"SearchAction","target":{"@type":"EntryPoint","urlTemplate":"https:\/\/www.estystool.com\/?s={search_term_string}"},"query-input":{"@type":"PropertyValueSpecification","valueRequired":true,"valueName":"search_term_string"}}],"inLanguage":"cs"}]}},"_links":{"self":[{"href":"https:\/\/www.estystool.com\/cs\/wp-json\/wp\/v2\/pages\/227"}],"collection":[{"href":"https:\/\/www.estystool.com\/cs\/wp-json\/wp\/v2\/pages"}],"about":[{"href":"https:\/\/www.estystool.com\/cs\/wp-json\/wp\/v2\/types\/page"}],"author":[{"embeddable":true,"href":"https:\/\/www.estystool.com\/cs\/wp-json\/wp\/v2\/users\/1"}],"replies":[{"embeddable":true,"href":"https:\/\/www.estystool.com\/cs\/wp-json\/wp\/v2\/comments?post=227"}],"version-history":[{"count":6,"href":"https:\/\/www.estystool.com\/cs\/wp-json\/wp\/v2\/pages\/227\/revisions"}],"predecessor-version":[{"id":344,"href":"https:\/\/www.estystool.com\/cs\/wp-json\/wp\/v2\/pages\/227\/revisions\/344"}],"wp:attachment":[{"href":"https:\/\/www.estystool.com\/cs\/wp-json\/wp\/v2\/media?parent=227"}],"curies":[{"name":"wp","href":"https:\/\/api.w.org\/{rel}","templated":true}]}}