{"id":213,"date":"2024-10-05T14:37:06","date_gmt":"2024-10-05T14:37:06","guid":{"rendered":"https:\/\/www.estystool.com\/?page_id=213"},"modified":"2024-10-26T08:29:58","modified_gmt":"2024-10-26T08:29:58","slug":"blog","status":"publish","type":"page","link":"https:\/\/www.estystool.com\/cs\/blog\/","title":{"rendered":"Blog"},"content":{"rendered":"<div data-elementor-type=\"wp-page\" data-elementor-id=\"213\" class=\"elementor elementor-213\" data-elementor-post-type=\"page\">\n\t\t\t\t\t\t<section class=\"elementor-section elementor-top-section elementor-element elementor-element-13c0d417 elementor-section-boxed elementor-section-height-default elementor-section-height-default\" data-id=\"13c0d417\" data-element_type=\"section\" data-settings=\"{&quot;background_background&quot;:&quot;classic&quot;}\">\n\t\t\t\t\t\t\t<div class=\"elementor-background-overlay\"><\/div>\n\t\t\t\t\t\t\t<div class=\"elementor-container elementor-column-gap-default\">\n\t\t\t\t\t<div class=\"elementor-column elementor-col-50 elementor-top-column elementor-element elementor-element-3ed558db\" data-id=\"3ed558db\" data-element_type=\"column\" data-settings=\"{&quot;background_background&quot;:&quot;classic&quot;}\">\n\t\t\t<div class=\"elementor-widget-wrap elementor-element-populated\">\n\t\t\t\t\t<div class=\"elementor-background-overlay\"><\/div>\n\t\t\t\t\t\t<div class=\"elementor-element elementor-element-340fb6fa elementor-widget__width-initial elementor-absolute elementor-widget-mobile__width-initial elementor-widget-tablet__width-initial elementor-widget elementor-widget-image\" data-id=\"340fb6fa\" data-element_type=\"widget\" data-settings=\"{&quot;_position&quot;:&quot;absolute&quot;}\" data-widget_type=\"image.default\">\n\t\t\t\t<div class=\"elementor-widget-container\">\n\t\t\t\t\t\t\t\t\t\t\t\t\t<img fetchpriority=\"high\" decoding=\"async\" width=\"406\" height=\"377\" src=\"https:\/\/www.estystool.com\/wp-content\/uploads\/2024\/09\/monstera-leaf-vector-illustrations-RADWZJU-19.png\" class=\"attachment-large size-large wp-image-23\" alt=\"\" srcset=\"https:\/\/www.estystool.com\/wp-content\/uploads\/2024\/09\/monstera-leaf-vector-illustrations-RADWZJU-19.png 406w, https:\/\/www.estystool.com\/wp-content\/uploads\/2024\/09\/monstera-leaf-vector-illustrations-RADWZJU-19-300x279.png 300w\" sizes=\"(max-width: 406px) 100vw, 406px\" \/>\t\t\t\t\t\t\t\t\t\t\t\t\t<\/div>\n\t\t\t\t<\/div>\n\t\t\t\t<div class=\"elementor-element elementor-element-47da195f elementor-widget__width-initial elementor-absolute elementor-widget-mobile__width-initial elementor-widget-tablet__width-initial elementor-widget elementor-widget-image\" data-id=\"47da195f\" data-element_type=\"widget\" data-settings=\"{&quot;_position&quot;:&quot;absolute&quot;}\" data-widget_type=\"image.default\">\n\t\t\t\t<div class=\"elementor-widget-container\">\n\t\t\t\t\t\t\t\t\t\t\t\t\t<img decoding=\"async\" width=\"442\" height=\"412\" src=\"https:\/\/www.estystool.com\/wp-content\/uploads\/2024\/09\/monstera-leaf-vector-illustrations-RADWZJU-3.png\" class=\"attachment-large size-large wp-image-26\" alt=\"\" srcset=\"https:\/\/www.estystool.com\/wp-content\/uploads\/2024\/09\/monstera-leaf-vector-illustrations-RADWZJU-3.png 442w, https:\/\/www.estystool.com\/wp-content\/uploads\/2024\/09\/monstera-leaf-vector-illustrations-RADWZJU-3-300x280.png 300w\" sizes=\"(max-width: 442px) 100vw, 442px\" \/>\t\t\t\t\t\t\t\t\t\t\t\t\t<\/div>\n\t\t\t\t<\/div>\n\t\t\t\t<div class=\"elementor-element elementor-element-bb98d84 elementor-widget elementor-widget-image\" data-id=\"bb98d84\" data-element_type=\"widget\" data-widget_type=\"image.default\">\n\t\t\t\t<div class=\"elementor-widget-container\">\n\t\t\t\t\t\t\t\t\t\t\t\t\t<img decoding=\"async\" width=\"768\" height=\"1024\" src=\"https:\/\/www.estystool.com\/wp-content\/uploads\/2024\/10\/Esty-Stool-naparovanie-2-768x1024.jpg\" class=\"attachment-large size-large wp-image-365\" alt=\"\" srcset=\"https:\/\/www.estystool.com\/wp-content\/uploads\/2024\/10\/Esty-Stool-naparovanie-2-768x1024.jpg 768w, https:\/\/www.estystool.com\/wp-content\/uploads\/2024\/10\/Esty-Stool-naparovanie-2-225x300.jpg 225w, https:\/\/www.estystool.com\/wp-content\/uploads\/2024\/10\/Esty-Stool-naparovanie-2-9x12.jpg 9w, https:\/\/www.estystool.com\/wp-content\/uploads\/2024\/10\/Esty-Stool-naparovanie-2.jpg 960w\" sizes=\"(max-width: 768px) 100vw, 768px\" \/>\t\t\t\t\t\t\t\t\t\t\t\t\t<\/div>\n\t\t\t\t<\/div>\n\t\t\t\t\t<\/div>\n\t\t<\/div>\n\t\t\t\t<div class=\"elementor-column elementor-col-50 elementor-top-column elementor-element elementor-element-5b729574\" data-id=\"5b729574\" data-element_type=\"column\" data-settings=\"{&quot;background_background&quot;:&quot;classic&quot;}\">\n\t\t\t<div class=\"elementor-widget-wrap elementor-element-populated\">\n\t\t\t\t\t<div class=\"elementor-background-overlay\"><\/div>\n\t\t\t\t\t\t<div class=\"elementor-element elementor-element-6effe99a elementor-widget elementor-widget-heading\" data-id=\"6effe99a\" data-element_type=\"widget\" data-widget_type=\"heading.default\">\n\t\t\t\t<div class=\"elementor-widget-container\">\n\t\t\t<h1 class=\"elementor-heading-title elementor-size-default\">N\u00e1\u0161 Blog<\/h1>\t\t<\/div>\n\t\t\t\t<\/div>\n\t\t\t\t<div class=\"elementor-element elementor-element-2910024d elementor-widget elementor-widget-text-editor\" data-id=\"2910024d\" data-element_type=\"widget\" data-widget_type=\"text-editor.default\">\n\t\t\t\t<div class=\"elementor-widget-container\">\n\t\t\t\t\t\t\t<div class=\"flex-shrink-0 flex flex-col relative items-end\"><div><div class=\"pt-0\"><div class=\"gizmo-bot-avatar flex h-8 w-8 items-center justify-center overflow-hidden rounded-full\"><div class=\"relative p-1 rounded-sm flex items-center justify-center bg-token-main-surface-primary text-token-text-primary h-8 w-8\">\u00a0<\/div><\/div><\/div><\/div><\/div><div class=\"group\/conversation-turn relative flex w-full min-w-0 flex-col agent-turn\"><div class=\"flex-col gap-1 md:gap-3\"><div class=\"flex max-w-full flex-col flex-grow\"><div class=\"min-h-8 text-message flex w-full flex-col items-end gap-2 whitespace-normal break-words [.text-message+&amp;]:mt-5\" dir=\"auto\" data-message-author-role=\"assistant\" data-message-id=\"7eb86d28-610b-496d-bc9d-5ebc4b6afa09\" data-message-model-slug=\"gpt-4o\"><div class=\"flex w-full flex-col gap-1 empty:hidden first:pt-[3px]\"><div class=\"markdown prose w-full break-words dark:prose-invert light\"><p>\u017densk\u00e9 reproduk\u010dn\u00ed zdrav\u00ed je kl\u00ed\u010dov\u00fdm aspektem celkov\u00e9 fyzick\u00e9 i psychick\u00e9 pohody ka\u017ed\u00e9 \u017eeny, p\u0159esto je toto t\u00e9ma \u010dasto podce\u0148ov\u00e1no nebo tabuizov\u00e1no. Probl\u00e9my spojen\u00e9 s menstruac\u00ed, hormon\u00e1ln\u00edmi v\u00fdkyvy, plodnost\u00ed \u010di menopauzou mohou ovlivnit kvalitu \u017eivota, sebep\u0159ijet\u00ed a vztah k vlastn\u00edmu t\u011blu.<\/p><p>Tento blog se v\u011bnuje komplexn\u00edmu pohledu na \u017eensk\u00e9 reproduk\u010dn\u00ed zdrav\u00ed \u2013 od tradi\u010dn\u00edch l\u00e9\u010debn\u00fdch metod a\u017e po modern\u00ed p\u0159\u00edstupy. Zam\u011b\u0159uje se na informovanost, prevenci, a mo\u017enosti, jak podporovat sv\u00e9 t\u011blo p\u0159irozen\u00fdmi zp\u016fsoby. A\u0165 u\u017e v\u00e1s zaj\u00edmaj\u00ed praktick\u00e9 tipy na zm\u00edrn\u011bn\u00ed menstrua\u010dn\u00edch bolest\u00ed, podpora plodnosti nebo ot\u00e1zky t\u00fdkaj\u00edc\u00ed se hormon\u00e1ln\u00ed rovnov\u00e1hy, najdete zde odpov\u011bdi, kter\u00e9 v\u00e1m pomohou l\u00e9pe pochopit a pe\u010dovat o sv\u00e9 zdrav\u00ed.<\/p><\/div><\/div><\/div><\/div><\/div><\/div>\t\t\t\t\t\t<\/div>\n\t\t\t\t<\/div>\n\t\t\t\t\t<\/div>\n\t\t<\/div>\n\t\t\t\t\t<\/div>\n\t\t<\/section>\n\t\t\t\t<section class=\"elementor-section elementor-top-section elementor-element elementor-element-3e2789cf elementor-section-boxed elementor-section-height-default elementor-section-height-default\" data-id=\"3e2789cf\" data-element_type=\"section\" data-settings=\"{&quot;background_background&quot;:&quot;classic&quot;}\">\n\t\t\t\t\t\t<div class=\"elementor-container elementor-column-gap-default\">\n\t\t\t\t\t<div class=\"elementor-column elementor-col-100 elementor-top-column elementor-element elementor-element-1920f707\" data-id=\"1920f707\" data-element_type=\"column\">\n\t\t\t<div class=\"elementor-widget-wrap elementor-element-populated\">\n\t\t\t\t\t\t<section class=\"elementor-section elementor-inner-section elementor-element elementor-element-659c6f4d elementor-section-boxed elementor-section-height-default elementor-section-height-default\" data-id=\"659c6f4d\" data-element_type=\"section\">\n\t\t\t\t\t\t<div class=\"elementor-container elementor-column-gap-default\">\n\t\t\t\t\t<div class=\"elementor-column elementor-col-33 elementor-inner-column elementor-element elementor-element-4a190a9f\" data-id=\"4a190a9f\" data-element_type=\"column\" data-settings=\"{&quot;background_background&quot;:&quot;classic&quot;}\">\n\t\t\t<div class=\"elementor-widget-wrap elementor-element-populated\">\n\t\t\t\t\t\t<div class=\"elementor-element elementor-element-766dee3 elementor-widget elementor-widget-image\" data-id=\"766dee3\" data-element_type=\"widget\" data-widget_type=\"image.default\">\n\t\t\t\t<div class=\"elementor-widget-container\">\n\t\t\t\t\t\t\t\t\t\t\t\t\t\t<a href=\"https:\/\/www.estystool.com\/cs\/pregnancy-and-childbirth\/\">\n\t\t\t\t\t\t\t<img loading=\"lazy\" decoding=\"async\" width=\"1024\" height=\"666\" src=\"https:\/\/www.estystool.com\/wp-content\/uploads\/2024\/10\/Screenshot-2024-10-08-at-8.45.41-1024x666.jpg\" class=\"attachment-large size-large wp-image-267\" alt=\"\" srcset=\"https:\/\/www.estystool.com\/wp-content\/uploads\/2024\/10\/Screenshot-2024-10-08-at-8.45.41-1024x666.jpg 1024w, https:\/\/www.estystool.com\/wp-content\/uploads\/2024\/10\/Screenshot-2024-10-08-at-8.45.41-300x195.jpg 300w, https:\/\/www.estystool.com\/wp-content\/uploads\/2024\/10\/Screenshot-2024-10-08-at-8.45.41-768x499.jpg 768w, https:\/\/www.estystool.com\/wp-content\/uploads\/2024\/10\/Screenshot-2024-10-08-at-8.45.41-18x12.jpg 18w, https:\/\/www.estystool.com\/wp-content\/uploads\/2024\/10\/Screenshot-2024-10-08-at-8.45.41.jpg 1246w\" sizes=\"(max-width: 1024px) 100vw, 1024px\" \/>\t\t\t\t\t\t\t\t<\/a>\n\t\t\t\t\t\t\t\t\t\t\t\t\t<\/div>\n\t\t\t\t<\/div>\n\t\t\t\t<div class=\"elementor-element elementor-element-2323d1c8 elementor-widget elementor-widget-heading\" data-id=\"2323d1c8\" data-element_type=\"widget\" data-widget_type=\"heading.default\">\n\t\t\t\t<div class=\"elementor-widget-container\">\n\t\t\t<h3 class=\"elementor-heading-title elementor-size-default\"><a href=\"https:\/\/www.estystool.com\/cs\/pregnancy-and-childbirth\/\">Vyu\u017eit\u00ed bylinn\u00e9 n\u00e1pa\u0159ky b\u011bhem t\u011bhotenstv\u00ed a porodu<\/a><\/h3>\t\t<\/div>\n\t\t\t\t<\/div>\n\t\t\t\t\t<\/div>\n\t\t<\/div>\n\t\t\t\t<div class=\"elementor-column elementor-col-33 elementor-inner-column elementor-element elementor-element-5e654394\" data-id=\"5e654394\" data-element_type=\"column\" data-settings=\"{&quot;background_background&quot;:&quot;classic&quot;}\">\n\t\t\t<div class=\"elementor-widget-wrap elementor-element-populated\">\n\t\t\t\t\t\t<div class=\"elementor-element elementor-element-36968f55 elementor-widget elementor-widget-image\" data-id=\"36968f55\" data-element_type=\"widget\" data-widget_type=\"image.default\">\n\t\t\t\t<div class=\"elementor-widget-container\">\n\t\t\t\t\t\t\t\t\t\t\t\t\t\t<a href=\"https:\/\/www.estystool.com\/cs\/using-steam-therapy-in-specific-health-conditions\/\">\n\t\t\t\t\t\t\t<img loading=\"lazy\" decoding=\"async\" width=\"812\" height=\"547\" src=\"https:\/\/www.estystool.com\/wp-content\/uploads\/2024\/10\/buliny.jpg\" class=\"attachment-large size-large wp-image-270\" alt=\"\" srcset=\"https:\/\/www.estystool.com\/wp-content\/uploads\/2024\/10\/buliny.jpg 812w, https:\/\/www.estystool.com\/wp-content\/uploads\/2024\/10\/buliny-300x202.jpg 300w, https:\/\/www.estystool.com\/wp-content\/uploads\/2024\/10\/buliny-768x517.jpg 768w, https:\/\/www.estystool.com\/wp-content\/uploads\/2024\/10\/buliny-18x12.jpg 18w\" sizes=\"(max-width: 812px) 100vw, 812px\" \/>\t\t\t\t\t\t\t\t<\/a>\n\t\t\t\t\t\t\t\t\t\t\t\t\t<\/div>\n\t\t\t\t<\/div>\n\t\t\t\t<div class=\"elementor-element elementor-element-6426d6ac elementor-widget elementor-widget-heading\" data-id=\"6426d6ac\" data-element_type=\"widget\" data-widget_type=\"heading.default\">\n\t\t\t\t<div class=\"elementor-widget-container\">\n\t\t\t<h3 class=\"elementor-heading-title elementor-size-default\"><a href=\"https:\/\/www.estystool.com\/cs\/using-steam-therapy-in-specific-health-conditions\/\">Pou\u017eit\u00ed nap\u00e1\u0159ky u konkr\u00e9tn\u00edch stav\u016f<\/a><\/h3>\t\t<\/div>\n\t\t\t\t<\/div>\n\t\t\t\t\t<\/div>\n\t\t<\/div>\n\t\t\t\t<div class=\"elementor-column elementor-col-33 elementor-inner-column elementor-element elementor-element-23e8af78\" data-id=\"23e8af78\" data-element_type=\"column\" data-settings=\"{&quot;background_background&quot;:&quot;classic&quot;}\">\n\t\t\t<div class=\"elementor-widget-wrap elementor-element-populated\">\n\t\t\t\t\t\t<div class=\"elementor-element elementor-element-3a824d25 elementor-widget elementor-widget-image\" data-id=\"3a824d25\" data-element_type=\"widget\" data-widget_type=\"image.default\">\n\t\t\t\t<div class=\"elementor-widget-container\">\n\t\t\t\t\t\t\t\t\t\t\t\t\t\t<a href=\"https:\/\/www.estystool.com\/cs\/herbal-vaginal-steaming\/\">\n\t\t\t\t\t\t\t<img loading=\"lazy\" decoding=\"async\" width=\"1024\" height=\"683\" src=\"https:\/\/www.estystool.com\/wp-content\/uploads\/2024\/10\/herbs-1024x683.jpg\" class=\"attachment-large size-large wp-image-118\" alt=\"\" srcset=\"https:\/\/www.estystool.com\/wp-content\/uploads\/2024\/10\/herbs-1024x683.jpg 1024w, https:\/\/www.estystool.com\/wp-content\/uploads\/2024\/10\/herbs-300x200.jpg 300w, https:\/\/www.estystool.com\/wp-content\/uploads\/2024\/10\/herbs-768x512.jpg 768w, https:\/\/www.estystool.com\/wp-content\/uploads\/2024\/10\/herbs-1536x1024.jpg 1536w, https:\/\/www.estystool.com\/wp-content\/uploads\/2024\/10\/herbs-2048x1365.jpg 2048w\" sizes=\"(max-width: 1024px) 100vw, 1024px\" \/>\t\t\t\t\t\t\t\t<\/a>\n\t\t\t\t\t\t\t\t\t\t\t\t\t<\/div>\n\t\t\t\t<\/div>\n\t\t\t\t<div class=\"elementor-element elementor-element-4546735a elementor-widget elementor-widget-heading\" data-id=\"4546735a\" data-element_type=\"widget\" data-widget_type=\"heading.default\">\n\t\t\t\t<div class=\"elementor-widget-container\">\n\t\t\t<h3 class=\"elementor-heading-title elementor-size-default\"><a href=\"https:\/\/www.estystool.com\/cs\/herbal-vaginal-steaming\/\">Bylinn\u00e1 vagin\u00e1ln\u00ed nap\u00e1\u0159ka<\/a><\/h3>\t\t<\/div>\n\t\t\t\t<\/div>\n\t\t\t\t\t<\/div>\n\t\t<\/div>\n\t\t\t\t\t<\/div>\n\t\t<\/section>\n\t\t\t\t\t<\/div>\n\t\t<\/div>\n\t\t\t\t\t<\/div>\n\t\t<\/section>\n\t\t\t\t<\/div>","protected":false},"excerpt":{"rendered":"<p>Our Blog \u00a0 Women\u2019s reproductive health is a key aspect of every woman&#8217;s overall physical and mental well-being, yet it [&hellip;]<\/p>","protected":false},"author":1,"featured_media":0,"parent":0,"menu_order":0,"comment_status":"closed","ping_status":"closed","template":"","meta":{"_monsterinsights_skip_tracking":false,"_monsterinsights_sitenote_active":false,"_monsterinsights_sitenote_note":"","_monsterinsights_sitenote_category":0,"site-sidebar-layout":"no-sidebar","site-content-layout":"","ast-site-content-layout":"full-width-container","site-content-style":"default","site-sidebar-style":"default","ast-global-header-display":"","ast-banner-title-visibility":"","ast-main-header-display":"","ast-hfb-above-header-display":"","ast-hfb-below-header-display":"","ast-hfb-mobile-header-display":"","site-post-title":"disabled","ast-breadcrumbs-content":"","ast-featured-img":"disabled","footer-sml-layout":"","theme-transparent-header-meta":"","adv-header-id-meta":"","stick-header-meta":"","header-above-stick-meta":"","header-main-stick-meta":"","header-below-stick-meta":"","astra-migrate-meta-layouts":"default","ast-page-background-enabled":"default","ast-page-background-meta":{"desktop":{"background-color":"var(--ast-global-color-4)","background-image":"","background-repeat":"repeat","background-position":"center center","background-size":"auto","background-attachment":"scroll","background-type":"","background-media":"","overlay-type":"","overlay-color":"","overlay-opacity":"","overlay-gradient":""},"tablet":{"background-color":"","background-image":"","background-repeat":"repeat","background-position":"center center","background-size":"auto","background-attachment":"scroll","background-type":"","background-media":"","overlay-type":"","overlay-color":"","overlay-opacity":"","overlay-gradient":""},"mobile":{"background-color":"","background-image":"","background-repeat":"repeat","background-position":"center center","background-size":"auto","background-attachment":"scroll","background-type":"","background-media":"","overlay-type":"","overlay-color":"","overlay-opacity":"","overlay-gradient":""}},"ast-content-background-meta":{"desktop":{"background-color":"var(--ast-global-color-5)","background-image":"","background-repeat":"repeat","background-position":"center center","background-size":"auto","background-attachment":"scroll","background-type":"","background-media":"","overlay-type":"","overlay-color":"","overlay-opacity":"","overlay-gradient":""},"tablet":{"background-color":"var(--ast-global-color-5)","background-image":"","background-repeat":"repeat","background-position":"center center","background-size":"auto","background-attachment":"scroll","background-type":"","background-media":"","overlay-type":"","overlay-color":"","overlay-opacity":"","overlay-gradient":""},"mobile":{"background-color":"var(--ast-global-color-5)","background-image":"","background-repeat":"repeat","background-position":"center center","background-size":"auto","background-attachment":"scroll","background-type":"","background-media":"","overlay-type":"","overlay-color":"","overlay-opacity":"","overlay-gradient":""}},"footnotes":""},"class_list":["post-213","page","type-page","status-publish","hentry"],"yoast_head":"<!-- This site is optimized with the Yoast SEO plugin v23.5 - https:\/\/yoast.com\/wordpress\/plugins\/seo\/ -->\n<title>Blog - Esty Stool<\/title>\n<meta name=\"robots\" content=\"index, follow, max-snippet:-1, max-image-preview:large, max-video-preview:-1\" \/>\n<link rel=\"canonical\" href=\"https:\/\/www.estystool.com\/cs\/blog\/\" \/>\n<meta property=\"og:locale\" content=\"cs_CZ\" \/>\n<meta property=\"og:type\" content=\"article\" \/>\n<meta property=\"og:title\" content=\"Blog - Esty Stool\" \/>\n<meta property=\"og:description\" content=\"Our Blog \u00a0 Women\u2019s reproductive health is a key aspect of every woman&#8217;s overall physical and mental well-being, yet it [&hellip;]\" \/>\n<meta property=\"og:url\" content=\"https:\/\/www.estystool.com\/cs\/blog\/\" \/>\n<meta property=\"og:site_name\" content=\"Esty Stool\" \/>\n<meta property=\"article:modified_time\" content=\"2024-10-26T08:29:58+00:00\" \/>\n<meta property=\"og:image\" content=\"https:\/\/www.estystool.com\/wp-content\/uploads\/2024\/09\/monstera-leaf-vector-illustrations-RADWZJU-19.png\" \/>\n<meta name=\"twitter:card\" content=\"summary_large_image\" \/>\n<meta name=\"twitter:label1\" content=\"Odhadovan\u00e1 doba \u010dten\u00ed\" \/>\n\t<meta name=\"twitter:data1\" content=\"2 minuty\" \/>\n<script type=\"application\/ld+json\" class=\"yoast-schema-graph\">{\"@context\":\"https:\/\/schema.org\",\"@graph\":[{\"@type\":\"WebPage\",\"@id\":\"https:\/\/www.estystool.com\/blog\/\",\"url\":\"https:\/\/www.estystool.com\/blog\/\",\"name\":\"Blog - Esty Stool\",\"isPartOf\":{\"@id\":\"https:\/\/www.estystool.com\/#website\"},\"primaryImageOfPage\":{\"@id\":\"https:\/\/www.estystool.com\/blog\/#primaryimage\"},\"image\":{\"@id\":\"https:\/\/www.estystool.com\/blog\/#primaryimage\"},\"thumbnailUrl\":\"https:\/\/www.estystool.com\/wp-content\/uploads\/2024\/09\/monstera-leaf-vector-illustrations-RADWZJU-19.png\",\"datePublished\":\"2024-10-05T14:37:06+00:00\",\"dateModified\":\"2024-10-26T08:29:58+00:00\",\"breadcrumb\":{\"@id\":\"https:\/\/www.estystool.com\/blog\/#breadcrumb\"},\"inLanguage\":\"cs\",\"potentialAction\":[{\"@type\":\"ReadAction\",\"target\":[\"https:\/\/www.estystool.com\/blog\/\"]}]},{\"@type\":\"ImageObject\",\"inLanguage\":\"cs\",\"@id\":\"https:\/\/www.estystool.com\/blog\/#primaryimage\",\"url\":\"https:\/\/www.estystool.com\/wp-content\/uploads\/2024\/09\/monstera-leaf-vector-illustrations-RADWZJU-19.png\",\"contentUrl\":\"https:\/\/www.estystool.com\/wp-content\/uploads\/2024\/09\/monstera-leaf-vector-illustrations-RADWZJU-19.png\"},{\"@type\":\"BreadcrumbList\",\"@id\":\"https:\/\/www.estystool.com\/blog\/#breadcrumb\",\"itemListElement\":[{\"@type\":\"ListItem\",\"position\":1,\"name\":\"Home\",\"item\":\"https:\/\/www.estystool.com\/\"},{\"@type\":\"ListItem\",\"position\":2,\"name\":\"Blog\"}]},{\"@type\":\"WebSite\",\"@id\":\"https:\/\/www.estystool.com\/#website\",\"url\":\"https:\/\/www.estystool.com\/\",\"name\":\"Esty Stool\",\"description\":\"\",\"potentialAction\":[{\"@type\":\"SearchAction\",\"target\":{\"@type\":\"EntryPoint\",\"urlTemplate\":\"https:\/\/www.estystool.com\/?s={search_term_string}\"},\"query-input\":{\"@type\":\"PropertyValueSpecification\",\"valueRequired\":true,\"valueName\":\"search_term_string\"}}],\"inLanguage\":\"cs\"}]}<\/script>\n<!-- \/ Yoast SEO plugin. -->","yoast_head_json":{"title":"Blog - Esty Stool","robots":{"index":"index","follow":"follow","max-snippet":"max-snippet:-1","max-image-preview":"max-image-preview:large","max-video-preview":"max-video-preview:-1"},"canonical":"https:\/\/www.estystool.com\/cs\/blog\/","og_locale":"cs_CZ","og_type":"article","og_title":"Blog - Esty Stool","og_description":"Our Blog \u00a0 Women\u2019s reproductive health is a key aspect of every woman&#8217;s overall physical and mental well-being, yet it [&hellip;]","og_url":"https:\/\/www.estystool.com\/cs\/blog\/","og_site_name":"Esty Stool","article_modified_time":"2024-10-26T08:29:58+00:00","og_image":[{"url":"https:\/\/www.estystool.com\/wp-content\/uploads\/2024\/09\/monstera-leaf-vector-illustrations-RADWZJU-19.png"}],"twitter_card":"summary_large_image","twitter_misc":{"Odhadovan\u00e1 doba \u010dten\u00ed":"2 minuty"},"schema":{"@context":"https:\/\/schema.org","@graph":[{"@type":"WebPage","@id":"https:\/\/www.estystool.com\/blog\/","url":"https:\/\/www.estystool.com\/blog\/","name":"Blog - Esty Stool","isPartOf":{"@id":"https:\/\/www.estystool.com\/#website"},"primaryImageOfPage":{"@id":"https:\/\/www.estystool.com\/blog\/#primaryimage"},"image":{"@id":"https:\/\/www.estystool.com\/blog\/#primaryimage"},"thumbnailUrl":"https:\/\/www.estystool.com\/wp-content\/uploads\/2024\/09\/monstera-leaf-vector-illustrations-RADWZJU-19.png","datePublished":"2024-10-05T14:37:06+00:00","dateModified":"2024-10-26T08:29:58+00:00","breadcrumb":{"@id":"https:\/\/www.estystool.com\/blog\/#breadcrumb"},"inLanguage":"cs","potentialAction":[{"@type":"ReadAction","target":["https:\/\/www.estystool.com\/blog\/"]}]},{"@type":"ImageObject","inLanguage":"cs","@id":"https:\/\/www.estystool.com\/blog\/#primaryimage","url":"https:\/\/www.estystool.com\/wp-content\/uploads\/2024\/09\/monstera-leaf-vector-illustrations-RADWZJU-19.png","contentUrl":"https:\/\/www.estystool.com\/wp-content\/uploads\/2024\/09\/monstera-leaf-vector-illustrations-RADWZJU-19.png"},{"@type":"BreadcrumbList","@id":"https:\/\/www.estystool.com\/blog\/#breadcrumb","itemListElement":[{"@type":"ListItem","position":1,"name":"Home","item":"https:\/\/www.estystool.com\/"},{"@type":"ListItem","position":2,"name":"Blog"}]},{"@type":"WebSite","@id":"https:\/\/www.estystool.com\/#website","url":"https:\/\/www.estystool.com\/","name":"Esty Stool","description":"","potentialAction":[{"@type":"SearchAction","target":{"@type":"EntryPoint","urlTemplate":"https:\/\/www.estystool.com\/?s={search_term_string}"},"query-input":{"@type":"PropertyValueSpecification","valueRequired":true,"valueName":"search_term_string"}}],"inLanguage":"cs"}]}},"_links":{"self":[{"href":"https:\/\/www.estystool.com\/cs\/wp-json\/wp\/v2\/pages\/213"}],"collection":[{"href":"https:\/\/www.estystool.com\/cs\/wp-json\/wp\/v2\/pages"}],"about":[{"href":"https:\/\/www.estystool.com\/cs\/wp-json\/wp\/v2\/types\/page"}],"author":[{"embeddable":true,"href":"https:\/\/www.estystool.com\/cs\/wp-json\/wp\/v2\/users\/1"}],"replies":[{"embeddable":true,"href":"https:\/\/www.estystool.com\/cs\/wp-json\/wp\/v2\/comments?post=213"}],"version-history":[{"count":6,"href":"https:\/\/www.estystool.com\/cs\/wp-json\/wp\/v2\/pages\/213\/revisions"}],"predecessor-version":[{"id":377,"href":"https:\/\/www.estystool.com\/cs\/wp-json\/wp\/v2\/pages\/213\/revisions\/377"}],"wp:attachment":[{"href":"https:\/\/www.estystool.com\/cs\/wp-json\/wp\/v2\/media?parent=213"}],"curies":[{"name":"wp","href":"https:\/\/api.w.org\/{rel}","templated":true}]}}