{"id":184,"date":"2024-10-05T14:13:57","date_gmt":"2024-10-05T14:13:57","guid":{"rendered":"https:\/\/www.estystool.com\/?page_id=184"},"modified":"2024-10-26T08:53:21","modified_gmt":"2024-10-26T08:53:21","slug":"steaming-chair","status":"publish","type":"page","link":"https:\/\/www.estystool.com\/cs\/steaming-chair\/","title":{"rendered":"Napa\u0159ovac\u00ed stoli\u010dka"},"content":{"rendered":"<div data-elementor-type=\"wp-page\" data-elementor-id=\"184\" class=\"elementor elementor-184\" data-elementor-post-type=\"page\">\n\t\t\t\t\t\t<section class=\"elementor-section elementor-top-section elementor-element elementor-element-241cc124 elementor-section-boxed elementor-section-height-default elementor-section-height-default\" data-id=\"241cc124\" data-element_type=\"section\" data-settings=\"{&quot;background_background&quot;:&quot;classic&quot;}\">\n\t\t\t\t\t\t\t<div class=\"elementor-background-overlay\"><\/div>\n\t\t\t\t\t\t\t<div class=\"elementor-container elementor-column-gap-default\">\n\t\t\t\t\t<div class=\"elementor-column elementor-col-50 elementor-top-column elementor-element elementor-element-630e0c66\" data-id=\"630e0c66\" data-element_type=\"column\" data-settings=\"{&quot;background_background&quot;:&quot;classic&quot;}\">\n\t\t\t<div class=\"elementor-widget-wrap elementor-element-populated\">\n\t\t\t\t\t<div class=\"elementor-background-overlay\"><\/div>\n\t\t\t\t\t\t<div class=\"elementor-element elementor-element-dbaffc0 elementor-widget__width-initial elementor-absolute elementor-widget-tablet__width-initial elementor-widget-mobile__width-initial elementor-widget elementor-widget-image\" data-id=\"dbaffc0\" data-element_type=\"widget\" data-settings=\"{&quot;_position&quot;:&quot;absolute&quot;}\" data-widget_type=\"image.default\">\n\t\t\t\t<div class=\"elementor-widget-container\">\n\t\t\t\t\t\t\t\t\t\t\t\t\t<img fetchpriority=\"high\" decoding=\"async\" width=\"430\" height=\"400\" src=\"https:\/\/www.estystool.com\/wp-content\/uploads\/2024\/09\/monstera-leaf-vector-illustrations-RADWZJU-12-1.png\" class=\"attachment-large size-large wp-image-11\" alt=\"\" srcset=\"https:\/\/www.estystool.com\/wp-content\/uploads\/2024\/09\/monstera-leaf-vector-illustrations-RADWZJU-12-1.png 430w, https:\/\/www.estystool.com\/wp-content\/uploads\/2024\/09\/monstera-leaf-vector-illustrations-RADWZJU-12-1-300x279.png 300w\" sizes=\"(max-width: 430px) 100vw, 430px\" \/>\t\t\t\t\t\t\t\t\t\t\t\t\t<\/div>\n\t\t\t\t<\/div>\n\t\t\t\t<div class=\"elementor-element elementor-element-7754bb99 elementor-widget__width-initial elementor-absolute elementor-widget-tablet__width-initial elementor-widget-mobile__width-initial elementor-widget elementor-widget-image\" data-id=\"7754bb99\" data-element_type=\"widget\" data-settings=\"{&quot;_position&quot;:&quot;absolute&quot;}\" data-widget_type=\"image.default\">\n\t\t\t\t<div class=\"elementor-widget-container\">\n\t\t\t\t\t\t\t\t\t\t\t\t\t<img decoding=\"async\" width=\"442\" height=\"412\" src=\"https:\/\/www.estystool.com\/wp-content\/uploads\/2024\/09\/monstera-leaf-vector-illustrations-RADWZJU-3.png\" class=\"attachment-large size-large wp-image-26\" alt=\"\" srcset=\"https:\/\/www.estystool.com\/wp-content\/uploads\/2024\/09\/monstera-leaf-vector-illustrations-RADWZJU-3.png 442w, https:\/\/www.estystool.com\/wp-content\/uploads\/2024\/09\/monstera-leaf-vector-illustrations-RADWZJU-3-300x280.png 300w\" sizes=\"(max-width: 442px) 100vw, 442px\" \/>\t\t\t\t\t\t\t\t\t\t\t\t\t<\/div>\n\t\t\t\t<\/div>\n\t\t\t\t<div class=\"elementor-element elementor-element-385ca149 elementor-widget elementor-widget-image\" data-id=\"385ca149\" data-element_type=\"widget\" data-widget_type=\"image.default\">\n\t\t\t\t<div class=\"elementor-widget-container\">\n\t\t\t\t\t\t\t\t\t\t\t\t\t<img decoding=\"async\" width=\"768\" height=\"1024\" src=\"https:\/\/www.estystool.com\/wp-content\/uploads\/2024\/10\/IMG_2530-768x1024.jpg\" class=\"attachment-large size-large wp-image-109\" alt=\"\" srcset=\"https:\/\/www.estystool.com\/wp-content\/uploads\/2024\/10\/IMG_2530-768x1024.jpg 768w, https:\/\/www.estystool.com\/wp-content\/uploads\/2024\/10\/IMG_2530-225x300.jpg 225w, https:\/\/www.estystool.com\/wp-content\/uploads\/2024\/10\/IMG_2530.jpg 960w\" sizes=\"(max-width: 768px) 100vw, 768px\" \/>\t\t\t\t\t\t\t\t\t\t\t\t\t<\/div>\n\t\t\t\t<\/div>\n\t\t\t\t<div class=\"elementor-element elementor-element-2597714 elementor-widget elementor-widget-image\" data-id=\"2597714\" data-element_type=\"widget\" data-widget_type=\"image.default\">\n\t\t\t\t<div class=\"elementor-widget-container\">\n\t\t\t\t\t\t\t\t\t\t\t\t\t<img loading=\"lazy\" decoding=\"async\" width=\"1024\" height=\"768\" src=\"https:\/\/www.estystool.com\/wp-content\/uploads\/2024\/10\/IMG_2548-1024x768.jpg\" class=\"attachment-large size-large wp-image-111\" alt=\"\" srcset=\"https:\/\/www.estystool.com\/wp-content\/uploads\/2024\/10\/IMG_2548-1024x768.jpg 1024w, https:\/\/www.estystool.com\/wp-content\/uploads\/2024\/10\/IMG_2548-300x225.jpg 300w, https:\/\/www.estystool.com\/wp-content\/uploads\/2024\/10\/IMG_2548-768x576.jpg 768w, https:\/\/www.estystool.com\/wp-content\/uploads\/2024\/10\/IMG_2548.jpg 1280w\" sizes=\"(max-width: 1024px) 100vw, 1024px\" \/>\t\t\t\t\t\t\t\t\t\t\t\t\t<\/div>\n\t\t\t\t<\/div>\n\t\t\t\t\t<\/div>\n\t\t<\/div>\n\t\t\t\t<div class=\"elementor-column elementor-col-50 elementor-top-column elementor-element elementor-element-2bbebe9e\" data-id=\"2bbebe9e\" data-element_type=\"column\" data-settings=\"{&quot;background_background&quot;:&quot;classic&quot;}\">\n\t\t\t<div class=\"elementor-widget-wrap elementor-element-populated\">\n\t\t\t\t\t<div class=\"elementor-background-overlay\"><\/div>\n\t\t\t\t\t\t<div class=\"elementor-element elementor-element-34ada114 elementor-widget elementor-widget-heading\" data-id=\"34ada114\" data-element_type=\"widget\" data-widget_type=\"heading.default\">\n\t\t\t\t<div class=\"elementor-widget-container\">\n\t\t\t<h1 class=\"elementor-heading-title elementor-size-default\">Napa\u0159ovac\u00ed stoli\u010dka Esty Stool<\/h1>\t\t<\/div>\n\t\t\t\t<\/div>\n\t\t\t\t<div class=\"elementor-element elementor-element-1b2270a3 elementor-widget elementor-widget-text-editor\" data-id=\"1b2270a3\" data-element_type=\"widget\" data-widget_type=\"text-editor.default\">\n\t\t\t\t<div class=\"elementor-widget-container\">\n\t\t\t\t\t\t\t<p>Vagin\u00e1ln\u00ed napa\u0159ov\u00e1n\u00ed je technika, kter\u00e1 z\u00edsk\u00e1v\u00e1 na popularit\u011b a \u010dasto se pou\u017e\u00edv\u00e1 b\u011bhem t\u011bhotenstv\u00ed a porodu. Jedn\u00e1 se o starou formu alternativn\u00ed medic\u00edny, kter\u00e1 vyu\u017e\u00edv\u00e1 vodn\u00ed p\u00e1ry s bylinn\u00fdmi extrakty k l\u00e9\u010den\u00ed a regulaci \u017eensk\u00e9ho reproduk\u010dn\u00edho syst\u00e9mu. Tato metoda m\u016f\u017ee b\u00fdt pou\u017eita v r\u016fzn\u00fdch obdob\u00edch \u017eivota \u017eeny, p\u0159i \u0159ad\u011b diagn\u00f3z a probl\u00e9m\u016f.  P\u0159\u00edrodn\u00ed bylinky a esenci\u00e1ln\u00ed oleje p\u0159id\u00e1vaj\u00ed dal\u0161\u00ed rozm\u011br klidu a pohody p\u0159i nal\u00e9z\u00e1n\u00ed rovnov\u00e1hy a harmonie ve sv\u00e9m t\u011ble.<\/p><p>Stoli\u010dka Esty Stool, kter\u00e1 v\u00e1m poskytne maxim\u00e1ln\u00ed pohodl\u00ed b\u011bhem bylinn\u00e9ho napa\u0159ov\u00e1n\u00ed, je vyrobena z kvalitn\u00edho borovicov\u00e9ho masivu. Je tedy velmi odoln\u00e1, ale z\u00e1rove\u0148 lehk\u00e1 a bezpe\u010dn\u00e1. Jej\u00ed povrch je pokryt zdravotn\u011b nez\u00e1vadn\u00fdm lakem, kter\u00fd chr\u00e1n\u00ed \u017eidli p\u0159ed vlhkost\u00ed, zaru\u010duje dlouhou \u017eivotnost a umo\u017e\u0148uje snadnou hygienickou \u00fadr\u017ebu. M\u00e1 praktick\u00e9, snadno odjimateln\u00e9 nohy, kter\u00e9 umo\u017e\u0148uj\u00ed snadn\u00e9 skladov\u00e1n\u00ed.<\/p><p>Uvoln\u011bte se, u\u017eijte si blahod\u00e1rn\u00e9 \u00fa\u010dinky p\u00e1ry a bylinek, a napl\u0148te sv\u016fj den novou energi\u00ed s na\u0161\u00ed napa\u0159ovac\u00ed stoli\u010dkou.<\/p>\t\t\t\t\t\t<\/div>\n\t\t\t\t<\/div>\n\t\t\t\t<div class=\"elementor-element elementor-element-ae75b1a elementor-widget elementor-widget-heading\" data-id=\"ae75b1a\" data-element_type=\"widget\" data-widget_type=\"heading.default\">\n\t\t\t\t<div class=\"elementor-widget-container\">\n\t\t\t<h4 class=\"elementor-heading-title elementor-size-default\">Technick\u00e1 specifikace<\/h4>\t\t<\/div>\n\t\t\t\t<\/div>\n\t\t\t\t<div class=\"elementor-element elementor-element-7f35972 elementor-widget elementor-widget-text-editor\" data-id=\"7f35972\" data-element_type=\"widget\" data-widget_type=\"text-editor.default\">\n\t\t\t\t<div class=\"elementor-widget-container\">\n\t\t\t\t\t\t\t<ul>\n<li class=\" translation-block\">Rozm\u011bry: <strong>velkost 30cm x 30 cm, v\u00fd\u0161ka 35 cm<\/strong><\/li>\n<li class=\" translation-block\">Materi\u00e1l: <strong>masivn\u00ed borovicov\u00e9 d\u0159evo<\/strong><\/li>\n<li class=\" translation-block\">Povrchov\u00e1 \u00faprava: <strong>ekologick\u00fd lak<\/strong><\/li>\n<li class=\" translation-block\">Hmotnost: <strong>1,6 kg<\/strong><\/li>\n<li class=\" translation-block\">Max. nosnost: <strong>120 kg<\/strong><\/li>\n<\/ul>\t\t\t\t\t\t<\/div>\n\t\t\t\t<\/div>\n\t\t\t\t\t<\/div>\n\t\t<\/div>\n\t\t\t\t\t<\/div>\n\t\t<\/section>\n\t\t\t\t<\/div>","protected":false},"excerpt":{"rendered":"<p>Esty Stool steaming chair Vaginal steaming is a technique growing in popularity, often used during pregnancy and childbirth. This ancient [&hellip;]<\/p>","protected":false},"author":1,"featured_media":0,"parent":0,"menu_order":0,"comment_status":"closed","ping_status":"closed","template":"","meta":{"_monsterinsights_skip_tracking":false,"_monsterinsights_sitenote_active":false,"_monsterinsights_sitenote_note":"","_monsterinsights_sitenote_category":0,"site-sidebar-layout":"no-sidebar","site-content-layout":"","ast-site-content-layout":"full-width-container","site-content-style":"default","site-sidebar-style":"default","ast-global-header-display":"","ast-banner-title-visibility":"","ast-main-header-display":"","ast-hfb-above-header-display":"","ast-hfb-below-header-display":"","ast-hfb-mobile-header-display":"","site-post-title":"disabled","ast-breadcrumbs-content":"","ast-featured-img":"disabled","footer-sml-layout":"","theme-transparent-header-meta":"","adv-header-id-meta":"","stick-header-meta":"","header-above-stick-meta":"","header-main-stick-meta":"","header-below-stick-meta":"","astra-migrate-meta-layouts":"default","ast-page-background-enabled":"default","ast-page-background-meta":{"desktop":{"background-color":"var(--ast-global-color-4)","background-image":"","background-repeat":"repeat","background-position":"center center","background-size":"auto","background-attachment":"scroll","background-type":"","background-media":"","overlay-type":"","overlay-color":"","overlay-opacity":"","overlay-gradient":""},"tablet":{"background-color":"","background-image":"","background-repeat":"repeat","background-position":"center center","background-size":"auto","background-attachment":"scroll","background-type":"","background-media":"","overlay-type":"","overlay-color":"","overlay-opacity":"","overlay-gradient":""},"mobile":{"background-color":"","background-image":"","background-repeat":"repeat","background-position":"center center","background-size":"auto","background-attachment":"scroll","background-type":"","background-media":"","overlay-type":"","overlay-color":"","overlay-opacity":"","overlay-gradient":""}},"ast-content-background-meta":{"desktop":{"background-color":"var(--ast-global-color-5)","background-image":"","background-repeat":"repeat","background-position":"center center","background-size":"auto","background-attachment":"scroll","background-type":"","background-media":"","overlay-type":"","overlay-color":"","overlay-opacity":"","overlay-gradient":""},"tablet":{"background-color":"var(--ast-global-color-5)","background-image":"","background-repeat":"repeat","background-position":"center center","background-size":"auto","background-attachment":"scroll","background-type":"","background-media":"","overlay-type":"","overlay-color":"","overlay-opacity":"","overlay-gradient":""},"mobile":{"background-color":"var(--ast-global-color-5)","background-image":"","background-repeat":"repeat","background-position":"center center","background-size":"auto","background-attachment":"scroll","background-type":"","background-media":"","overlay-type":"","overlay-color":"","overlay-opacity":"","overlay-gradient":""}},"footnotes":""},"class_list":["post-184","page","type-page","status-publish","hentry"],"yoast_head":"<!-- This site is optimized with the Yoast SEO plugin v23.5 - https:\/\/yoast.com\/wordpress\/plugins\/seo\/ -->\n<title>Steaming Chair - Esty Stool<\/title>\n<meta name=\"robots\" content=\"index, follow, max-snippet:-1, max-image-preview:large, max-video-preview:-1\" \/>\n<link rel=\"canonical\" href=\"https:\/\/www.estystool.com\/cs\/steaming-chair\/\" \/>\n<meta property=\"og:locale\" content=\"cs_CZ\" \/>\n<meta property=\"og:type\" content=\"article\" \/>\n<meta property=\"og:title\" content=\"Steaming Chair - Esty Stool\" \/>\n<meta property=\"og:description\" content=\"Esty Stool steaming chair Vaginal steaming is a technique growing in popularity, often used during pregnancy and childbirth. This ancient [&hellip;]\" \/>\n<meta property=\"og:url\" content=\"https:\/\/www.estystool.com\/cs\/steaming-chair\/\" \/>\n<meta property=\"og:site_name\" content=\"Esty Stool\" \/>\n<meta property=\"article:modified_time\" content=\"2024-10-26T08:53:21+00:00\" \/>\n<meta property=\"og:image\" content=\"https:\/\/www.estystool.com\/wp-content\/uploads\/2024\/09\/monstera-leaf-vector-illustrations-RADWZJU-12-1.png\" \/>\n<meta name=\"twitter:card\" content=\"summary_large_image\" \/>\n<meta name=\"twitter:label1\" content=\"Odhadovan\u00e1 doba \u010dten\u00ed\" \/>\n\t<meta name=\"twitter:data1\" content=\"2 minuty\" \/>\n<script type=\"application\/ld+json\" class=\"yoast-schema-graph\">{\"@context\":\"https:\/\/schema.org\",\"@graph\":[{\"@type\":\"WebPage\",\"@id\":\"https:\/\/www.estystool.com\/steaming-chair\/\",\"url\":\"https:\/\/www.estystool.com\/steaming-chair\/\",\"name\":\"Steaming Chair - Esty Stool\",\"isPartOf\":{\"@id\":\"https:\/\/www.estystool.com\/#website\"},\"primaryImageOfPage\":{\"@id\":\"https:\/\/www.estystool.com\/steaming-chair\/#primaryimage\"},\"image\":{\"@id\":\"https:\/\/www.estystool.com\/steaming-chair\/#primaryimage\"},\"thumbnailUrl\":\"https:\/\/www.estystool.com\/wp-content\/uploads\/2024\/09\/monstera-leaf-vector-illustrations-RADWZJU-12-1.png\",\"datePublished\":\"2024-10-05T14:13:57+00:00\",\"dateModified\":\"2024-10-26T08:53:21+00:00\",\"breadcrumb\":{\"@id\":\"https:\/\/www.estystool.com\/steaming-chair\/#breadcrumb\"},\"inLanguage\":\"cs\",\"potentialAction\":[{\"@type\":\"ReadAction\",\"target\":[\"https:\/\/www.estystool.com\/steaming-chair\/\"]}]},{\"@type\":\"ImageObject\",\"inLanguage\":\"cs\",\"@id\":\"https:\/\/www.estystool.com\/steaming-chair\/#primaryimage\",\"url\":\"https:\/\/www.estystool.com\/wp-content\/uploads\/2024\/09\/monstera-leaf-vector-illustrations-RADWZJU-12-1.png\",\"contentUrl\":\"https:\/\/www.estystool.com\/wp-content\/uploads\/2024\/09\/monstera-leaf-vector-illustrations-RADWZJU-12-1.png\"},{\"@type\":\"BreadcrumbList\",\"@id\":\"https:\/\/www.estystool.com\/steaming-chair\/#breadcrumb\",\"itemListElement\":[{\"@type\":\"ListItem\",\"position\":1,\"name\":\"Home\",\"item\":\"https:\/\/www.estystool.com\/\"},{\"@type\":\"ListItem\",\"position\":2,\"name\":\"Steaming Chair\"}]},{\"@type\":\"WebSite\",\"@id\":\"https:\/\/www.estystool.com\/#website\",\"url\":\"https:\/\/www.estystool.com\/\",\"name\":\"Esty Stool\",\"description\":\"\",\"potentialAction\":[{\"@type\":\"SearchAction\",\"target\":{\"@type\":\"EntryPoint\",\"urlTemplate\":\"https:\/\/www.estystool.com\/?s={search_term_string}\"},\"query-input\":{\"@type\":\"PropertyValueSpecification\",\"valueRequired\":true,\"valueName\":\"search_term_string\"}}],\"inLanguage\":\"cs\"}]}<\/script>\n<!-- \/ Yoast SEO plugin. -->","yoast_head_json":{"title":"Steaming Chair - Esty Stool","robots":{"index":"index","follow":"follow","max-snippet":"max-snippet:-1","max-image-preview":"max-image-preview:large","max-video-preview":"max-video-preview:-1"},"canonical":"https:\/\/www.estystool.com\/cs\/steaming-chair\/","og_locale":"cs_CZ","og_type":"article","og_title":"Steaming Chair - Esty Stool","og_description":"Esty Stool steaming chair Vaginal steaming is a technique growing in popularity, often used during pregnancy and childbirth. This ancient [&hellip;]","og_url":"https:\/\/www.estystool.com\/cs\/steaming-chair\/","og_site_name":"Esty Stool","article_modified_time":"2024-10-26T08:53:21+00:00","og_image":[{"url":"https:\/\/www.estystool.com\/wp-content\/uploads\/2024\/09\/monstera-leaf-vector-illustrations-RADWZJU-12-1.png"}],"twitter_card":"summary_large_image","twitter_misc":{"Odhadovan\u00e1 doba \u010dten\u00ed":"2 minuty"},"schema":{"@context":"https:\/\/schema.org","@graph":[{"@type":"WebPage","@id":"https:\/\/www.estystool.com\/steaming-chair\/","url":"https:\/\/www.estystool.com\/steaming-chair\/","name":"Steaming Chair - Esty Stool","isPartOf":{"@id":"https:\/\/www.estystool.com\/#website"},"primaryImageOfPage":{"@id":"https:\/\/www.estystool.com\/steaming-chair\/#primaryimage"},"image":{"@id":"https:\/\/www.estystool.com\/steaming-chair\/#primaryimage"},"thumbnailUrl":"https:\/\/www.estystool.com\/wp-content\/uploads\/2024\/09\/monstera-leaf-vector-illustrations-RADWZJU-12-1.png","datePublished":"2024-10-05T14:13:57+00:00","dateModified":"2024-10-26T08:53:21+00:00","breadcrumb":{"@id":"https:\/\/www.estystool.com\/steaming-chair\/#breadcrumb"},"inLanguage":"cs","potentialAction":[{"@type":"ReadAction","target":["https:\/\/www.estystool.com\/steaming-chair\/"]}]},{"@type":"ImageObject","inLanguage":"cs","@id":"https:\/\/www.estystool.com\/steaming-chair\/#primaryimage","url":"https:\/\/www.estystool.com\/wp-content\/uploads\/2024\/09\/monstera-leaf-vector-illustrations-RADWZJU-12-1.png","contentUrl":"https:\/\/www.estystool.com\/wp-content\/uploads\/2024\/09\/monstera-leaf-vector-illustrations-RADWZJU-12-1.png"},{"@type":"BreadcrumbList","@id":"https:\/\/www.estystool.com\/steaming-chair\/#breadcrumb","itemListElement":[{"@type":"ListItem","position":1,"name":"Home","item":"https:\/\/www.estystool.com\/"},{"@type":"ListItem","position":2,"name":"Steaming Chair"}]},{"@type":"WebSite","@id":"https:\/\/www.estystool.com\/#website","url":"https:\/\/www.estystool.com\/","name":"Esty Stool","description":"","potentialAction":[{"@type":"SearchAction","target":{"@type":"EntryPoint","urlTemplate":"https:\/\/www.estystool.com\/?s={search_term_string}"},"query-input":{"@type":"PropertyValueSpecification","valueRequired":true,"valueName":"search_term_string"}}],"inLanguage":"cs"}]}},"_links":{"self":[{"href":"https:\/\/www.estystool.com\/cs\/wp-json\/wp\/v2\/pages\/184"}],"collection":[{"href":"https:\/\/www.estystool.com\/cs\/wp-json\/wp\/v2\/pages"}],"about":[{"href":"https:\/\/www.estystool.com\/cs\/wp-json\/wp\/v2\/types\/page"}],"author":[{"embeddable":true,"href":"https:\/\/www.estystool.com\/cs\/wp-json\/wp\/v2\/users\/1"}],"replies":[{"embeddable":true,"href":"https:\/\/www.estystool.com\/cs\/wp-json\/wp\/v2\/comments?post=184"}],"version-history":[{"count":6,"href":"https:\/\/www.estystool.com\/cs\/wp-json\/wp\/v2\/pages\/184\/revisions"}],"predecessor-version":[{"id":381,"href":"https:\/\/www.estystool.com\/cs\/wp-json\/wp\/v2\/pages\/184\/revisions\/381"}],"wp:attachment":[{"href":"https:\/\/www.estystool.com\/cs\/wp-json\/wp\/v2\/media?parent=184"}],"curies":[{"name":"wp","href":"https:\/\/api.w.org\/{rel}","templated":true}]}}